{"id":5598,"date":"2017-05-01T15:43:00","date_gmt":"2017-05-01T15:43:00","guid":{"rendered":"http:\/\/70.32.76.21\/~cginglis\/soins-de-la-clientele\/product-registration\/"},"modified":"2017-05-15T15:24:23","modified_gmt":"2017-05-15T15:24:23","slug":"enregistrement-des-produits","status":"publish","type":"page","link":"https:\/\/inglis.ca\/fr\/soins-de-la-clientele\/enregistrement-des-produits\/","title":{"rendered":"Enregistrement des produits"},"content":{"rendered":"<div class=\"wpb-content-wrapper\">[vc_row full_width=\u00a0\u00bbstretch_row\u00a0\u00bb content_placement=\u00a0\u00bbmiddle\u00a0\u00bb typography_style=\u00a0\u00bbwhite\u00a0\u00bb wpex_bg_overlay=\u00a0\u00bbcolor\u00a0\u00bb el_class=\u00a0\u00bbcustomer-care center\u00a0\u00bb css=\u00a0\u00bb.vc_custom_1494347465261{margin-bottom: 40px !important;padding-top: 60px !important;padding-bottom: 60px !important;background: #005696 url(https:\/\/inglis.ca\/wp-content\/uploads\/stock-photo-business-people-group-with-headphones-giving-support-in-help-desk-office-to-customers-manager-102502580.jpg?id=5309) !important;background-position: center !important;background-repeat: no-repeat !important;background-size: cover !important;}\u00a0\u00bb wpex_bg_overlay_color=\u00a0\u00bb#005696&Prime; wpex_bg_overlay_opacity=\u00a0\u00bb.9&Prime; el_id=\u00a0\u00bbhero\u00a0\u00bb][vc_column]<style>.vcex-icon.vcex_69debe1cefabf{font-size:64px;}.vcex-icon.vcex_69debe1cefabf .vcex-icon-wrap{width:120px;height:120px;}<\/style><div class=\"vcex-icon vcex-module vcex-icon-xlarge wpex-float-none wpex-m-auto wpex-text-center vcex_69debe1cefabf\"><div class=\"vcex-icon-wrap wpex-inline-flex wpex-items-center wpex-justify-center wpex-leading-none\"><span class=\"wpex-icon\" aria-hidden=\"true\"><svg xmlns=\"http:\/\/www.w3.org\/2000\/svg\" viewBox=\"0 0 512 512\"><path d=\"M441 58.9L453.1 71c9.4 9.4 9.4 24.6 0 33.9L424 134.1 377.9 88 407 58.9c9.4-9.4 24.6-9.4 33.9 0zM209.8 256.2L344 121.9 390.1 168 255.8 302.2c-2.9 2.9-6.5 5-10.4 6.1l-58.5 16.7 16.7-58.5c1.1-3.9 3.2-7.5 6.1-10.4zM373.1 25L175.8 222.2c-8.7 8.7-15 19.4-18.3 31.1l-28.6 100c-2.4 8.4-.1 17.4 6.1 23.6s15.2 8.5 23.6 6.1l100-28.6c11.8-3.4 22.5-9.7 31.1-18.3L487 138.9c28.1-28.1 28.1-73.7 0-101.8L474.9 25C446.8-3.1 401.2-3.1 373.1 25zM88 64C39.4 64 0 103.4 0 152V424c0 48.6 39.4 88 88 88H360c48.6 0 88-39.4 88-88V312c0-13.3-10.7-24-24-24s-24 10.7-24 24V424c0 22.1-17.9 40-40 40H88c-22.1 0-40-17.9-40-40V152c0-22.1 17.9-40 40-40H200c13.3 0 24-10.7 24-24s-10.7-24-24-24H88z\"\/><\/svg><\/span><\/div><\/div>[vc_column_text responsive_text=\u00a0\u00bbtrue\u00a0\u00bb font_size=\u00a0\u00bb36px\u00a0\u00bb min_font_size=\u00a0\u00bb24px\u00a0\u00bb font_family=\u00a0\u00bbRoboto\u00a0\u00bb font_weight=\u00a0\u00bb900&Prime; css=\u00a0\u00bb.vc_custom_1494860051478{margin-bottom: 30px !important;}\u00a0\u00bb]\n<h1>Enregistrement des produits<\/h1>\n[\/vc_column_text][\/vc_column][\/vc_row][vc_row][vc_column][vc_column_text css=\u00a0\u00bb.vc_custom_1494861858642{margin-bottom: 40px !important;}\u00a0\u00bb]Votre intimit\u00e9 est importante pour nous. Enregistrez votre nouveau produit.<\/p>\n<p>Contactez-Nous:<\/p>\n<h2>Centre de service \u00e0 la client\u00e8le<\/h2>\n<h3>Num\u00e9ro sans frais 1 800 807-6777<\/h3>\n<p>De 7 h 30 \u00e0 20 h 00 (HNE) ; Du lundi au vendredi[\/vc_column_text][vc_tta_accordion shape=\u00a0\u00bbsquare\u00a0\u00bb active_section=\u00a0\u00bb999&Prime; no_fill=\u00a0\u00bbtrue\u00a0\u00bb][vc_tta_section title=\u00a0\u00bbO\u00f9 chercher les num\u00e9ros de mod\u00e8le et de s\u00e9rie\u00a0\u00bb tab_id=\u00a0\u00bbserial-numbers-fr\u00a0\u00bb][vc_column_text css=\u00a0\u00bb.vc_custom_1494861764199{margin-bottom: 20px !important;}\u00a0\u00bb]Localisez la plaque du num\u00e9ro de s\u00e9rie de votre appareil \u00e9lectrom\u00e9nager pour trouver les num\u00e9ros de mod\u00e8le et de s\u00e9rie.<\/p>\n<p>Si vous avez toujours de la difficult\u00e9 \u00e0 trouver cette information, ou si votre appareil ne fait pas partie de cette liste, veuillez communiquer avec notre Centre d\u2019interaction avec la client\u00e8le au num\u00e9ro sans frais 1 800 807-6777 pour de l\u2019assistance.[\/vc_column_text][vc_raw_html]JTNDZGl2JTIwY2xhc3MlM0QlMjdyZy1jb250YWluZXIlMjclM0UlMEElMDklM0NkaXYlMjBjbGFzcyUzRCUyN3JnLWNvbnRlbnQlMjclM0UlMEElMDklMDklM0N0YWJsZSUyMGNsYXNzJTNEJTI3cmctdGFibGUlMjclMjBzdW1tYXJ5JTNEJTI3SGVkJTI3JTNFJTBBJTA5JTA5JTA5JTNDdGhlYWQlM0UlMEElMDklMDklMDklMDklM0N0ciUzRSUwQSUwOSUwOSUwOSUwOSUwOSUzQ3RoJTIwY2xhc3MlM0QlMjd0ZXh0JTIwJTI3JTNFVHlwZSUyMGQlMjdhcHBhcmVpbCUzQyUyRnRoJTNFJTBBJTA5JTA5JTA5JTA5JTNDdGglMjBjbGFzcyUzRCUyN3RleHQlMjAlMjclM0VFbXBsYWNlbWVudCUyMGRlJTIwbGElMjBwbGFxdWUlMjBkdSUyMG51bSVDMyVBOXJvJTIwZGUlMjBzJUMzJUE5cmllJTNDJTJGdGglM0UlMEElMDklMDklMDklMDklM0MlMkZ0ciUzRSUwQSUwOSUwOSUwOSUzQyUyRnRoZWFkJTNFJTBBJTA5JTA5JTA5JTNDdGJvZHklM0UlMEElMDklMDklMDklMDklMEElMDklMDklMDklMDklM0N0ciUyMGNsYXNzJTNEJTI3JTI3JTNFJTBBJTA5JTA5JTA5JTA5JTA5JTNDdGQlMjBjbGFzcyUzRCUyN3RleHQlMjAlMjclMjBkYXRhLXRpdGxlJTNEJTI3VHlwZSUyMGQlMjdhcHBhcmVpbCUyNyUzRUN1aXNpbmklQzMlQThyZSUzQyUyRnRkJTNFJTBBJTA5JTA5JTA5JTA5JTA5JTNDdGQlMjBjbGFzcyUzRCUyN3RleHQlMjAlMjclMjBkYXRhLXRpdGxlJTNEJTI3RW1wbGFjZW1lbnQlMjBkZSUyMGxhJTIwcGxhcXVlJTIwZHUlMjBudW0lQzMlQTlybyUyMGRlJTIwcyVDMyVBOXJpZSUyNyUzRSVDMyVBMCUyMGwlRTIlODAlOTlpbnQlQzMlQTlyaWV1ciUyMGR1JTIwdGlyb2lyJTIwZHUlMjBmb3VyJTJDJTIwc3VyJTIwbGUlMjBib3JkJTIwZHUlMjBmb3VyJTNDJTJGdGQlM0UlMEElMDklMDklMDklMDklM0MlMkZ0ciUzRSUwQSUwOSUwOSUwOSUwQSUwQSUwOSUwOSUwOSUwOSUzQ3RyJTIwY2xhc3MlM0QlMjclMjclM0UlMEElMDklMDklMDklMDklMDklM0N0ZCUyMGNsYXNzJTNEJTI3dGV4dCUyMCUyNyUyMGRhdGEtdGl0bGUlM0QlMjdUeXBlJTIwZCUyN2FwcGFyZWlsJTI3JTNFRm91ciUyMGVuY2FzdHIlQzMlQTklM0MlMkZ0ZCUzRSUwQSUwOSUwOSUwOSUwOSUwOSUzQ3RkJTIwY2xhc3MlM0QlMjd0ZXh0JTIwJTI3JTIwZGF0YS10aXRsZSUzRCUyN0VtcGxhY2VtZW50JTIwZGUlMjBsYSUyMHBsYXF1ZSUyMGR1JTIwbnVtJUMzJUE5cm8lMjBkZSUyMHMlQzMlQTlyaWUlMjclM0UlQzMlQTAlMjBsJUUyJTgwJTk5aW50JUMzJUE5cmlldXIlMjBkdSUyMGZvdXIlMkMlMjBzdXIlMjBsZSUyMGJvcmQlM0MlMkZ0ZCUzRSUwQSUwOSUwOSUwOSUwOSUzQyUyRnRyJTNFJTBBJTA5JTA5JTA5JTBBJTBBJTA5JTA5JTA5JTA5JTNDdHIlMjBjbGFzcyUzRCUyNyUyNyUzRSUwQSUwOSUwOSUwOSUwOSUwOSUzQ3RkJTIwY2xhc3MlM0QlMjd0ZXh0JTIwJTI3JTIwZGF0YS10aXRsZSUzRCUyN1R5cGUlMjBkJTI3YXBwYXJlaWwlMjclM0VUYWJsZSUyMGRlJTIwY3Vpc3NvbiUzQyUyRnRkJTNFJTBBJTA5JTA5JTA5JTA5JTA5JTNDdGQlMjBjbGFzcyUzRCUyN3RleHQlMjAlMjclMjBkYXRhLXRpdGxlJTNEJTI3RW1wbGFjZW1lbnQlMjBkZSUyMGxhJTIwcGxhcXVlJTIwZHUlMjBudW0lQzMlQTlybyUyMGRlJTIwcyVDMyVBOXJpZSUyNyUzRXN1ciUyMGxlJTIwcmV2ZXJzJTIwZGUlMjBsJUUyJTgwJTk5dW5pdCVDMyVBOSUzQyUyRnRkJTNFJTBBJTA5JTA5JTA5JTA5JTNDJTJGdHIlM0UlMEElMDklMDklMDklMEElMEElMDklMDklMDklMDklM0N0ciUyMGNsYXNzJTNEJTI3JTI3JTNFJTBBJTA5JTA5JTA5JTA5JTA5JTNDdGQlMjBjbGFzcyUzRCUyN3RleHQlMjAlMjclMjBkYXRhLXRpdGxlJTNEJTI3VHlwZSUyMGQlMjdhcHBhcmVpbCUyNyUzRU1pY3JvLW9uZGVzJTNDJTJGdGQlM0UlMEElMDklMDklMDklMDklMDklM0N0ZCUyMGNsYXNzJTNEJTI3dGV4dCUyMCUyNyUyMGRhdGEtdGl0bGUlM0QlMjdFbXBsYWNlbWVudCUyMGRlJTIwbGElMjBwbGFxdWUlMjBkdSUyMG51bSVDMyVBOXJvJTIwZGUlMjBzJUMzJUE5cmllJTI3JTNFJUMzJUEwJTIwbCVFMiU4MCU5OWludCVDMyVBOXJpZXVyJTIwZHUlMjBtaWNyby1vbmRlcyUyQyUyMHN1ciUyMGxlJTIwYm9yZCUzQyUyRnRkJTNFJTBBJTA5JTA5JTA5JTA5JTNDJTJGdHIlM0UlMEElMDklMDklMDklMEElMEElMDklMDklMDklMDklM0N0ciUyMGNsYXNzJTNEJTI3JTI3JTNFJTBBJTA5JTA5JTA5JTA5JTA5JTNDdGQlMjBjbGFzcyUzRCUyN3RleHQlMjAlMjclMjBkYXRhLXRpdGxlJTNEJTI3VHlwZSUyMGQlMjdhcHBhcmVpbCUyNyUzRUxhdmUtdmFpc3NlbGxlJTNDJTJGdGQlM0UlMEElMDklMDklMDklMDklMDklM0N0ZCUyMGNsYXNzJTNEJTI3dGV4dCUyMCUyNyUyMGRhdGEtdGl0bGUlM0QlMjdFbXBsYWNlbWVudCUyMGRlJTIwbGElMjBwbGFxdWUlMjBkdSUyMG51bSVDMyVBOXJvJTIwZGUlMjBzJUMzJUE5cmllJTI3JTNFJUMzJUEwJTIwbCVFMiU4MCU5OWludCVDMyVBOXJpZXVyJTIwZHUlMjBsYXZlLXZhaXNzZWxsZSUyQyUyMHN1ciUyMGxlJTIwYm9yZCUzQyUyRnRkJTNFJTBBJTA5JTA5JTA5JTA5JTNDJTJGdHIlM0UlMEElMDklMDklMDklMEElMEElMDklMDklMDklMDklM0N0ciUyMGNsYXNzJTNEJTI3aGlkZS1tb2JpbGUlMjclM0UlMEElMDklMDklMDklMDklMDklM0N0ZCUyMGNsYXNzJTNEJTI3dGV4dCUyMCUyNyUyMGRhdGEtdGl0bGUlM0QlMjdUeXBlJTIwZCUyN2FwcGFyZWlsJTI3JTNFUiVDMyVBOWZyaWclQzMlQTlyYXRldXIlM0MlMkZ0ZCUzRSUwQSUwOSUwOSUwOSUwOSUwOSUzQ3RkJTIwY2xhc3MlM0QlMjd0ZXh0JTIwJTI3JTIwZGF0YS10aXRsZSUzRCUyN0VtcGxhY2VtZW50JTIwZGUlMjBsYSUyMHBsYXF1ZSUyMGR1JTIwbnVtJUMzJUE5cm8lMjBkZSUyMHMlQzMlQTlyaWUlMjclM0UlQzMlQTAlMjBsJUUyJTgwJTk5aW50JUMzJUE5cmlldXIlMjBkdSUyMHIlQzMlQTlmcmlnJUMzJUE5cmF0ZXVyJTJDJTIwc3VyJTIwbGElMjBwYXJvaSUyMGludCVDMyVBOXJpZXVyZSUzQyUyRnRkJTNFJTBBJTA5JTA5JTA5JTA5JTNDJTJGdHIlM0UlMEElMDklMDklMDklMEElMEElMDklMDklMDklMDklM0N0ciUyMGNsYXNzJTNEJTI3aGlkZS1tb2JpbGUlMjclM0UlMEElMDklMDklMDklMDklMDklM0N0ZCUyMGNsYXNzJTNEJTI3dGV4dCUyMCUyNyUyMGRhdGEtdGl0bGUlM0QlMjdUeXBlJTIwZCUyN2FwcGFyZWlsJTI3JTNFQ29tcGFjdGV1ciUyMGRlJTIwZCVDMyVBOWNoZXRzJTNDJTJGdGQlM0UlMEElMDklMDklMDklMDklMDklM0N0ZCUyMGNsYXNzJTNEJTI3dGV4dCUyMCUyNyUyMGRhdGEtdGl0bGUlM0QlMjdFbXBsYWNlbWVudCUyMGRlJTIwbGElMjBwbGFxdWUlMjBkdSUyMG51bSVDMyVBOXJvJTIwZGUlMjBzJUMzJUE5cmllJTI3JTNFJUMzJUEwJTIwbCVFMiU4MCU5OWludCVDMyVBOXJpZXVyJTJDJTIwc3VyJTIwbGUlMjBib3JkJTNDJTJGdGQlM0UlMEElMDklMDklMDklMDklM0MlMkZ0ciUzRSUwQSUwOSUwOSUwOSUwQSUwQSUwOSUwOSUwOSUwOSUzQ3RyJTIwY2xhc3MlM0QlMjdoaWRlLW1vYmlsZSUyNyUzRSUwQSUwOSUwOSUwOSUwOSUwOSUzQ3RkJTIwY2xhc3MlM0QlMjd0ZXh0JTIwJTI3JTIwZGF0YS10aXRsZSUzRCUyN1R5cGUlMjBkJTI3YXBwYXJlaWwlMjclM0VCcm95ZXVyJTIwZGUlMjBkJUMzJUE5Y2hldHMlM0MlMkZ0ZCUzRSUwQSUwOSUwOSUwOSUwOSUwOSUzQ3RkJTIwY2xhc3MlM0QlMjd0ZXh0JTIwJTI3JTIwZGF0YS10aXRsZSUzRCUyN0VtcGxhY2VtZW50JTIwZGUlMjBsYSUyMHBsYXF1ZSUyMGR1JTIwbnVtJUMzJUE5cm8lMjBkZSUyMHMlQzMlQTlyaWUlMjclM0VhdHRhY2glQzMlQTklMjAlQzMlQTAlMjBsJUUyJTgwJTk5dW5pdCVDMyVBOSUzQyUyRnRkJTNFJTBBJTA5JTA5JTA5JTA5JTNDJTJGdHIlM0UlMEElMDklMDklMDklMEElMEElMDklMDklMDklMDklM0N0ciUyMGNsYXNzJTNEJTI3aGlkZS1tb2JpbGUlMjclM0UlMEElMDklMDklMDklMDklMDklM0N0ZCUyMGNsYXNzJTNEJTI3dGV4dCUyMCUyNyUyMGRhdGEtdGl0bGUlM0QlMjdUeXBlJTIwZCUyN2FwcGFyZWlsJTI3JTNFTGF2ZXVzZSUyMCVDMyVBMCUyMGNoYXJnZW1lbnQlMjBkZXNzdXMlM0MlMkZ0ZCUzRSUwQSUwOSUwOSUwOSUwOSUwOSUzQ3RkJTIwY2xhc3MlM0QlMjd0ZXh0JTIwJTI3JTIwZGF0YS10aXRsZSUzRCUyN0VtcGxhY2VtZW50JTIwZGUlMjBsYSUyMHBsYXF1ZSUyMGR1JTIwbnVtJUMzJUE5cm8lMjBkZSUyMHMlQzMlQTlyaWUlMjclM0Vzb3VzJTIwbGUlMjBjb3V2ZXJjbGUlMjBkZSUyMGxhJTIwbGF2ZXVzZSUyQyUyMHN1ciUyMGxlJTIwYm9yZCUyMGRlJTIwbGElMjBjdXZlJTNDJTJGdGQlM0UlMEElMDklMDklMDklMDklM0MlMkZ0ciUzRSUwQSUwOSUwOSUwOSUwQSUwQSUwOSUwOSUwOSUwOSUzQ3RyJTIwY2xhc3MlM0QlMjdoaWRlLW1vYmlsZSUyNyUzRSUwQSUwOSUwOSUwOSUwOSUwOSUzQ3RkJTIwY2xhc3MlM0QlMjd0ZXh0JTIwJTI3JTIwZGF0YS10aXRsZSUzRCUyN1R5cGUlMjBkJTI3YXBwYXJlaWwlMjclM0VMYXZldXNlJTIwJUMzJUEwJTIwY2hhcmdlbWVudCUyMGZyb250YSUzQyUyRnRkJTNFJTBBJTA5JTA5JTA5JTA5JTA5JTNDdGQlMjBjbGFzcyUzRCUyN3RleHQlMjAlMjclMjBkYXRhLXRpdGxlJTNEJTI3RW1wbGFjZW1lbnQlMjBkZSUyMGxhJTIwcGxhcXVlJTIwZHUlMjBudW0lQzMlQTlybyUyMGRlJTIwcyVDMyVBOXJpZSUyNyUzRSVDMyVBMCUyMGwlMjdpbnQlQzMlQTlyaWV1ciUyMGRlJTIwbGElMjBwb3J0ZSUyQyUyMGRhbnMlMjBsZSUyMHNlY3RldXIlMjBkJTI3YXJtYXR1cmUlM0MlMkZ0ZCUzRSUwQSUwOSUwOSUwOSUwOSUzQyUyRnRyJTNFJTBBJTA5JTA5JTA5JTBBJTBBJTA5JTA5JTA5JTA5JTNDdHIlMjBjbGFzcyUzRCUyN2hpZGUtbW9iaWxlJTI3JTNFJTBBJTA5JTA5JTA5JTA5JTA5JTNDdGQlMjBjbGFzcyUzRCUyN3RleHQlMjAlMjclMjBkYXRhLXRpdGxlJTNEJTI3VHlwZSUyMGQlMjdhcHBhcmVpbCUyNyUzRVMlQzMlQTljaGV1c2UlM0MlMkZ0ZCUzRSUwQSUwOSUwOSUwOSUwOSUwOSUzQ3RkJTIwY2xhc3MlM0QlMjd0ZXh0JTIwJTI3JTIwZGF0YS10aXRsZSUzRCUyN0VtcGxhY2VtZW50JTIwZGUlMjBsYSUyMHBsYXF1ZSUyMGR1JTIwbnVtJUMzJUE5cm8lMjBkZSUyMHMlQzMlQTlyaWUlMjclM0UlQzMlQTAlMjBsJUUyJTgwJTk5aW50JUMzJUE5cmlldXIlMjBkZSUyMGxhJTIwcG9ydGUlMjBkZSUyMGxhJTIwcyVDMyVBOWNoZXVzZSUyQyUyMHN1ciUyMGxlJTIwYm9yZCUzQyUyRnRkJTNFJTBBJTA5JTA5JTA5JTA5JTNDJTJGdHIlM0UlMEElMDklMDklMDklMEElMDklMDklMDklM0MlMkZ0Ym9keSUzRSUwQSUwOSUwOSUzQyUyRnRhYmxlJTNFJTBBJTA5JTNDJTJGZGl2JTNFJTBBJTNDJTJGZGl2JTNF[\/vc_raw_html][\/vc_tta_section][\/vc_tta_accordion][\/vc_column][\/vc_row]\n<\/div>","protected":false},"excerpt":{"rendered":"<p>[vc_row full_width=\u00a0\u00bbstretch_row\u00a0\u00bb content_placement=\u00a0\u00bbmiddle\u00a0\u00bb typography_style=\u00a0\u00bbwhite\u00a0\u00bb wpex_bg_overlay=\u00a0\u00bbcolor\u00a0\u00bb el_class=\u00a0\u00bbcustomer-care center\u00a0\u00bb css=\u00a0\u00bb.vc_custom_1494347465261{margin-bottom: 40px !important;padding-top: 60px !important;padding-bottom: 60px !important;background: #005696 url(https:\/\/inglis.ca\/wp-content\/uploads\/stock-photo-business-people-group-with-headphones-giving-support-in-help-desk-office-to-customers-manager-102502580.jpg?id=5309) !important;background-position: center !important;background-repeat: no-repeat !important;background-size: cover !important;}\u00a0\u00bb wpex_bg_overlay_color=\u00a0\u00bb#005696&Prime; wpex_bg_overlay_opacity=\u00a0\u00bb.9&Prime; el_id=\u00a0\u00bbhero\u00a0\u00bb][vc_column][vc_column_text responsive_text=\u00a0\u00bbtrue\u00a0\u00bb font_size=\u00a0\u00bb36px\u00a0\u00bb min_font_size=\u00a0\u00bb24px\u00a0\u00bb font_family=\u00a0\u00bbRoboto\u00a0\u00bb font_weight=\u00a0\u00bb900&Prime; css=\u00a0\u00bb.vc_custom_1494860051478{margin-bottom: 30px !important;}\u00a0\u00bb] Enregistrement des produits [\/vc_column_text][\/vc_column][\/vc_row][vc_row][vc_column][vc_column_text css=\u00a0\u00bb.vc_custom_1494861858642{margin-bottom: 40px !important;}\u00a0\u00bb]Votre intimit\u00e9 est importante pour nous. Enregistrez votre nouveau produit. Contactez-Nous: Centre de service \u00e0&hellip;<\/p>\n","protected":false},"author":1,"featured_media":0,"parent":5356,"menu_order":0,"comment_status":"closed","ping_status":"closed","template":"","meta":{"footnotes":""},"class_list":["post-5598","page","type-page","status-publish","hentry","entry","no-media"],"yoast_head":"<!-- This site is optimized with the Yoast SEO plugin v27.1.1 - https:\/\/yoast.com\/product\/yoast-seo-wordpress\/ -->\n<title>Enregistrement des produits - Inglis Home Appliances<\/title>\n<meta name=\"robots\" content=\"index, follow, max-snippet:-1, max-image-preview:large, max-video-preview:-1\" \/>\n<link rel=\"canonical\" href=\"https:\/\/inglis.ca\/fr\/soins-de-la-clientele\/enregistrement-des-produits\/\" \/>\n<meta property=\"og:locale\" content=\"fr_FR\" \/>\n<meta property=\"og:type\" content=\"article\" \/>\n<meta property=\"og:title\" content=\"Enregistrement des produits - Inglis Home Appliances\" \/>\n<meta property=\"og:description\" content=\"[vc_row full_width=\u00a0\u00bbstretch_row\u00a0\u00bb content_placement=\u00a0\u00bbmiddle\u00a0\u00bb typography_style=\u00a0\u00bbwhite\u00a0\u00bb wpex_bg_overlay=\u00a0\u00bbcolor\u00a0\u00bb el_class=\u00a0\u00bbcustomer-care center\u00a0\u00bb css=\u00a0\u00bb.vc_custom_1494347465261{margin-bottom: 40px !important;padding-top: 60px !important;padding-bottom: 60px !important;background: #005696 url(https:\/\/inglis.ca\/wp-content\/uploads\/stock-photo-business-people-group-with-headphones-giving-support-in-help-desk-office-to-customers-manager-102502580.jpg?id=5309) !important;background-position: center !important;background-repeat: no-repeat !important;background-size: cover !important;}\u00a0\u00bb wpex_bg_overlay_color=\u00a0\u00bb#005696&Prime; wpex_bg_overlay_opacity=\u00a0\u00bb.9&Prime; el_id=\u00a0\u00bbhero\u00a0\u00bb][vc_column][vc_column_text responsive_text=\u00a0\u00bbtrue\u00a0\u00bb font_size=\u00a0\u00bb36px\u00a0\u00bb min_font_size=\u00a0\u00bb24px\u00a0\u00bb font_family=\u00a0\u00bbRoboto\u00a0\u00bb font_weight=\u00a0\u00bb900&Prime; css=\u00a0\u00bb.vc_custom_1494860051478{margin-bottom: 30px !important;}\u00a0\u00bb] Enregistrement des produits [\/vc_column_text][\/vc_column][\/vc_row][vc_row][vc_column][vc_column_text css=\u00a0\u00bb.vc_custom_1494861858642{margin-bottom: 40px !important;}\u00a0\u00bb]Votre intimit\u00e9 est importante pour nous. Enregistrez votre nouveau produit. Contactez-Nous: Centre de service \u00e0&hellip;\" \/>\n<meta property=\"og:url\" content=\"https:\/\/inglis.ca\/fr\/soins-de-la-clientele\/enregistrement-des-produits\/\" \/>\n<meta property=\"og:site_name\" content=\"Inglis Home Appliances\" \/>\n<meta property=\"article:modified_time\" content=\"2017-05-15T15:24:23+00:00\" \/>\n<meta name=\"twitter:card\" content=\"summary_large_image\" \/>\n<meta name=\"twitter:label1\" content=\"Est. reading time\" \/>\n\t<meta name=\"twitter:data1\" content=\"4 minutes\" \/>\n<script type=\"application\/ld+json\" class=\"yoast-schema-graph\">{\"@context\":\"https:\/\/schema.org\",\"@graph\":[{\"@type\":\"WebPage\",\"@id\":\"https:\/\/inglis.ca\/fr\/soins-de-la-clientele\/enregistrement-des-produits\/\",\"url\":\"https:\/\/inglis.ca\/fr\/soins-de-la-clientele\/enregistrement-des-produits\/\",\"name\":\"Enregistrement des produits - Inglis Home Appliances\",\"isPartOf\":{\"@id\":\"https:\/\/inglis.ca\/#website\"},\"datePublished\":\"2017-05-01T15:43:00+00:00\",\"dateModified\":\"2017-05-15T15:24:23+00:00\",\"breadcrumb\":{\"@id\":\"https:\/\/inglis.ca\/fr\/soins-de-la-clientele\/enregistrement-des-produits\/#breadcrumb\"},\"inLanguage\":\"fr-FR\",\"potentialAction\":[{\"@type\":\"ReadAction\",\"target\":[\"https:\/\/inglis.ca\/fr\/soins-de-la-clientele\/enregistrement-des-produits\/\"]}]},{\"@type\":\"BreadcrumbList\",\"@id\":\"https:\/\/inglis.ca\/fr\/soins-de-la-clientele\/enregistrement-des-produits\/#breadcrumb\",\"itemListElement\":[{\"@type\":\"ListItem\",\"position\":1,\"name\":\"Home\",\"item\":\"https:\/\/inglis.ca\/fr\/\"},{\"@type\":\"ListItem\",\"position\":2,\"name\":\"Soins de la client\u00e8le\",\"item\":\"https:\/\/inglis.ca\/fr\/soins-de-la-clientele\/\"},{\"@type\":\"ListItem\",\"position\":3,\"name\":\"Enregistrement des produits\"}]},{\"@type\":\"WebSite\",\"@id\":\"https:\/\/inglis.ca\/#website\",\"url\":\"https:\/\/inglis.ca\/\",\"name\":\"Inglis Home Appliances\",\"description\":\"Quality you can trust\",\"publisher\":{\"@id\":\"https:\/\/inglis.ca\/#organization\"},\"potentialAction\":[{\"@type\":\"SearchAction\",\"target\":{\"@type\":\"EntryPoint\",\"urlTemplate\":\"https:\/\/inglis.ca\/?s={search_term_string}\"},\"query-input\":{\"@type\":\"PropertyValueSpecification\",\"valueRequired\":true,\"valueName\":\"search_term_string\"}}],\"inLanguage\":\"fr-FR\"},{\"@type\":\"Organization\",\"@id\":\"https:\/\/inglis.ca\/#organization\",\"name\":\"Inglis Home Appliances\",\"url\":\"https:\/\/inglis.ca\/\",\"logo\":{\"@type\":\"ImageObject\",\"inLanguage\":\"fr-FR\",\"@id\":\"https:\/\/inglis.ca\/#\/schema\/logo\/image\/\",\"url\":\"https:\/\/inglis.ca\/wp-content\/uploads\/2017\/05\/InglisLogo.png\",\"contentUrl\":\"https:\/\/inglis.ca\/wp-content\/uploads\/2017\/05\/InglisLogo.png\",\"width\":154,\"height\":61,\"caption\":\"Inglis Home Appliances\"},\"image\":{\"@id\":\"https:\/\/inglis.ca\/#\/schema\/logo\/image\/\"}}]}<\/script>\n<!-- \/ Yoast SEO plugin. -->","yoast_head_json":{"title":"Enregistrement des produits - Inglis Home Appliances","robots":{"index":"index","follow":"follow","max-snippet":"max-snippet:-1","max-image-preview":"max-image-preview:large","max-video-preview":"max-video-preview:-1"},"canonical":"https:\/\/inglis.ca\/fr\/soins-de-la-clientele\/enregistrement-des-produits\/","og_locale":"fr_FR","og_type":"article","og_title":"Enregistrement des produits - Inglis Home Appliances","og_description":"[vc_row full_width=\u00a0\u00bbstretch_row\u00a0\u00bb content_placement=\u00a0\u00bbmiddle\u00a0\u00bb typography_style=\u00a0\u00bbwhite\u00a0\u00bb wpex_bg_overlay=\u00a0\u00bbcolor\u00a0\u00bb el_class=\u00a0\u00bbcustomer-care center\u00a0\u00bb css=\u00a0\u00bb.vc_custom_1494347465261{margin-bottom: 40px !important;padding-top: 60px !important;padding-bottom: 60px !important;background: #005696 url(https:\/\/inglis.ca\/wp-content\/uploads\/stock-photo-business-people-group-with-headphones-giving-support-in-help-desk-office-to-customers-manager-102502580.jpg?id=5309) !important;background-position: center !important;background-repeat: no-repeat !important;background-size: cover !important;}\u00a0\u00bb wpex_bg_overlay_color=\u00a0\u00bb#005696&Prime; wpex_bg_overlay_opacity=\u00a0\u00bb.9&Prime; el_id=\u00a0\u00bbhero\u00a0\u00bb][vc_column][vc_column_text responsive_text=\u00a0\u00bbtrue\u00a0\u00bb font_size=\u00a0\u00bb36px\u00a0\u00bb min_font_size=\u00a0\u00bb24px\u00a0\u00bb font_family=\u00a0\u00bbRoboto\u00a0\u00bb font_weight=\u00a0\u00bb900&Prime; css=\u00a0\u00bb.vc_custom_1494860051478{margin-bottom: 30px !important;}\u00a0\u00bb] Enregistrement des produits [\/vc_column_text][\/vc_column][\/vc_row][vc_row][vc_column][vc_column_text css=\u00a0\u00bb.vc_custom_1494861858642{margin-bottom: 40px !important;}\u00a0\u00bb]Votre intimit\u00e9 est importante pour nous. Enregistrez votre nouveau produit. Contactez-Nous: Centre de service \u00e0&hellip;","og_url":"https:\/\/inglis.ca\/fr\/soins-de-la-clientele\/enregistrement-des-produits\/","og_site_name":"Inglis Home Appliances","article_modified_time":"2017-05-15T15:24:23+00:00","twitter_card":"summary_large_image","twitter_misc":{"Est. reading time":"4 minutes"},"schema":{"@context":"https:\/\/schema.org","@graph":[{"@type":"WebPage","@id":"https:\/\/inglis.ca\/fr\/soins-de-la-clientele\/enregistrement-des-produits\/","url":"https:\/\/inglis.ca\/fr\/soins-de-la-clientele\/enregistrement-des-produits\/","name":"Enregistrement des produits - Inglis Home Appliances","isPartOf":{"@id":"https:\/\/inglis.ca\/#website"},"datePublished":"2017-05-01T15:43:00+00:00","dateModified":"2017-05-15T15:24:23+00:00","breadcrumb":{"@id":"https:\/\/inglis.ca\/fr\/soins-de-la-clientele\/enregistrement-des-produits\/#breadcrumb"},"inLanguage":"fr-FR","potentialAction":[{"@type":"ReadAction","target":["https:\/\/inglis.ca\/fr\/soins-de-la-clientele\/enregistrement-des-produits\/"]}]},{"@type":"BreadcrumbList","@id":"https:\/\/inglis.ca\/fr\/soins-de-la-clientele\/enregistrement-des-produits\/#breadcrumb","itemListElement":[{"@type":"ListItem","position":1,"name":"Home","item":"https:\/\/inglis.ca\/fr\/"},{"@type":"ListItem","position":2,"name":"Soins de la client\u00e8le","item":"https:\/\/inglis.ca\/fr\/soins-de-la-clientele\/"},{"@type":"ListItem","position":3,"name":"Enregistrement des produits"}]},{"@type":"WebSite","@id":"https:\/\/inglis.ca\/#website","url":"https:\/\/inglis.ca\/","name":"Inglis Home Appliances","description":"Quality you can trust","publisher":{"@id":"https:\/\/inglis.ca\/#organization"},"potentialAction":[{"@type":"SearchAction","target":{"@type":"EntryPoint","urlTemplate":"https:\/\/inglis.ca\/?s={search_term_string}"},"query-input":{"@type":"PropertyValueSpecification","valueRequired":true,"valueName":"search_term_string"}}],"inLanguage":"fr-FR"},{"@type":"Organization","@id":"https:\/\/inglis.ca\/#organization","name":"Inglis Home Appliances","url":"https:\/\/inglis.ca\/","logo":{"@type":"ImageObject","inLanguage":"fr-FR","@id":"https:\/\/inglis.ca\/#\/schema\/logo\/image\/","url":"https:\/\/inglis.ca\/wp-content\/uploads\/2017\/05\/InglisLogo.png","contentUrl":"https:\/\/inglis.ca\/wp-content\/uploads\/2017\/05\/InglisLogo.png","width":154,"height":61,"caption":"Inglis Home Appliances"},"image":{"@id":"https:\/\/inglis.ca\/#\/schema\/logo\/image\/"}}]}},"_links":{"self":[{"href":"https:\/\/inglis.ca\/fr\/wp-json\/wp\/v2\/pages\/5598","targetHints":{"allow":["GET"]}}],"collection":[{"href":"https:\/\/inglis.ca\/fr\/wp-json\/wp\/v2\/pages"}],"about":[{"href":"https:\/\/inglis.ca\/fr\/wp-json\/wp\/v2\/types\/page"}],"author":[{"embeddable":true,"href":"https:\/\/inglis.ca\/fr\/wp-json\/wp\/v2\/users\/1"}],"replies":[{"embeddable":true,"href":"https:\/\/inglis.ca\/fr\/wp-json\/wp\/v2\/comments?post=5598"}],"version-history":[{"count":12,"href":"https:\/\/inglis.ca\/fr\/wp-json\/wp\/v2\/pages\/5598\/revisions"}],"predecessor-version":[{"id":5619,"href":"https:\/\/inglis.ca\/fr\/wp-json\/wp\/v2\/pages\/5598\/revisions\/5619"}],"up":[{"embeddable":true,"href":"https:\/\/inglis.ca\/fr\/wp-json\/wp\/v2\/pages\/5356"}],"wp:attachment":[{"href":"https:\/\/inglis.ca\/fr\/wp-json\/wp\/v2\/media?parent=5598"}],"curies":[{"name":"wp","href":"https:\/\/api.w.org\/{rel}","templated":true}]}}