{"id":5374,"date":"2017-05-01T15:44:11","date_gmt":"2017-05-01T15:44:11","guid":{"rendered":"http:\/\/70.32.76.21\/~cginglis\/about-us\/terms-of-use\/"},"modified":"2017-05-09T20:20:51","modified_gmt":"2017-05-09T20:20:51","slug":"conditions-d-utilisation","status":"publish","type":"page","link":"https:\/\/inglis.ca\/fr\/a-propos-de-nous\/conditions-d-utilisation\/","title":{"rendered":"Conditions d\u2019 utilisation"},"content":{"rendered":"<div class=\"wpb-content-wrapper\">[vc_row][vc_column]<div class=\"vcex-spacing wpex-w-100 wpex-clear\" style=\"height:40px;\"><\/div>[vc_column_text]\n<h1><span style=\"font-size: 36px;\">Conditions d&rsquo;utilisation<\/span><\/h1>\n<p>L&rsquo;information contenue dans ce site ne s&rsquo;applique qu&rsquo;aux produits, services et promotions disponibles au Canada.<\/p>\n<h2>Droit d&rsquo;auteur\/propri\u00e9t\u00e9 intellectuelle<\/h2>\n<p>La totalit\u00e9 de ce site World Wide Web est sujette \u00e0 des droits d&rsquo;auteur en vertu de la loi des \u00c9tats-Unis et elle est prot\u00e9g\u00e9e par les lois des droits d&rsquo;auteur et les dispositions conventionnelles dans le monde entier. Les utilisateurs du site PEUVENT t\u00e9l\u00e9charger ou imprimer une copie de tout mat\u00e9riel dans le site \u00e0 des fins personnelles et non commerciales, \u00e0 la condition de ne pas modifier ou alt\u00e9rer le mat\u00e9riel de quelque mani\u00e8re que ce soit, ni supprimer ou changer tout avis de droit d&rsquo;auteur ou de marque de commerce. La totalit\u00e9 du mat\u00e9riel de ce site est fournie \u00e0 des fins l\u00e9gales seulement. Aucune information de ce site ne peut \u00eatre copi\u00e9e, distribu\u00e9e ou transmise de quelque mani\u00e8re que ce soit \u00e0 des fins commerciales sans le consentement \u00e9crit explicite de Whirlpool. Whirlpool se r\u00e9serve les pleins droits de propri\u00e9t\u00e9 ainsi que les droits de propri\u00e9t\u00e9 intellectuelle dans tout le mat\u00e9riel t\u00e9l\u00e9charg\u00e9 \u00e0 partir de ce site.<\/p>\n<h2>Soumissions au site Internet de Whirlpool<\/h2>\n<p>Whirlpool est heureuse de recevoir vos soumissions; toutefois, toute information soumise, autre que vos renseignements personnels (par exemple, votre nom et votre adresse de courriel), \u00e0 Whirlpool par le biais de ce site est la propri\u00e9t\u00e9 exclusive de Whirlpool et est consid\u00e9r\u00e9e NON confidentielle. Whirlpool ne re\u00e7oit pas la soumission en confidence ou en vertu de tout rapport confidentiel ou fiduciaire. Whirlpool peut utiliser la soumission \u00e0 toute fin sans restriction ni compensation.<\/p>\n<h2>Responsabilit\u00e9<\/h2>\n<p>L\u2019information contenue dans ce site est fournie \u00ab telle quelle \u00bb sans aucune garantie, quelle qu\u2019elle soit. L\u2019information fournie dans ce site Internet peut contenir des erreurs typographiques, des inexactitudes techniques et d\u2019autres erreurs ou omissions, et peut \u00eatre chang\u00e9e en tout temps et sans pr\u00e9avis. Whirlpool a une politique d&rsquo;am\u00e9lioration continue des produits et se r\u00e9serve le droit d&rsquo;apporter des am\u00e9liorations ou changements aux produits sans pr\u00e9avis.<\/p>\n<p>Whirlpool ne fait pas de repr\u00e9sentations au sujet des sites Internet des entreprises, designers ou architectes acc\u00e9d\u00e9s par le biais de ce site et non maintenus, contr\u00f4l\u00e9s ou cr\u00e9\u00e9s par Whirlpool. Whirlpool ne sanctionne pas ces sites et n&rsquo;est pas responsable de leur contenu.[\/vc_column_text][\/vc_column][\/vc_row]\n<\/div>","protected":false},"excerpt":{"rendered":"<p>[vc_row][vc_column][vc_column_text] Conditions d&rsquo;utilisation L&rsquo;information contenue dans ce site ne s&rsquo;applique qu&rsquo;aux produits, services et promotions disponibles au Canada. Droit d&rsquo;auteur\/propri\u00e9t\u00e9 intellectuelle La totalit\u00e9 de ce site World Wide Web est sujette \u00e0 des droits d&rsquo;auteur en vertu de la loi des \u00c9tats-Unis et elle est prot\u00e9g\u00e9e par les lois des droits d&rsquo;auteur et les dispositions&hellip;<\/p>\n","protected":false},"author":1,"featured_media":0,"parent":5111,"menu_order":0,"comment_status":"closed","ping_status":"closed","template":"","meta":{"footnotes":""},"class_list":["post-5374","page","type-page","status-publish","hentry","entry","no-media"],"yoast_head":"<!-- This site is optimized with the Yoast SEO plugin v27.5 - https:\/\/yoast.com\/product\/yoast-seo-wordpress\/ -->\n<title>Conditions d\u2019 utilisation - Inglis Home Appliances<\/title>\n<meta name=\"robots\" content=\"index, follow, max-snippet:-1, max-image-preview:large, max-video-preview:-1\" \/>\n<link rel=\"canonical\" href=\"https:\/\/inglis.ca\/fr\/a-propos-de-nous\/conditions-d-utilisation\/\" \/>\n<meta property=\"og:locale\" content=\"fr_FR\" \/>\n<meta property=\"og:type\" content=\"article\" \/>\n<meta property=\"og:title\" content=\"Conditions d\u2019 utilisation - Inglis Home Appliances\" \/>\n<meta property=\"og:description\" content=\"[vc_row][vc_column][vc_column_text] Conditions d&rsquo;utilisation L&rsquo;information contenue dans ce site ne s&rsquo;applique qu&rsquo;aux produits, services et promotions disponibles au Canada. Droit d&rsquo;auteur\/propri\u00e9t\u00e9 intellectuelle La totalit\u00e9 de ce site World Wide Web est sujette \u00e0 des droits d&rsquo;auteur en vertu de la loi des \u00c9tats-Unis et elle est prot\u00e9g\u00e9e par les lois des droits d&rsquo;auteur et les dispositions&hellip;\" \/>\n<meta property=\"og:url\" content=\"https:\/\/inglis.ca\/fr\/a-propos-de-nous\/conditions-d-utilisation\/\" \/>\n<meta property=\"og:site_name\" content=\"Inglis Home Appliances\" \/>\n<meta property=\"article:modified_time\" content=\"2017-05-09T20:20:51+00:00\" \/>\n<meta name=\"twitter:card\" content=\"summary_large_image\" \/>\n<meta name=\"twitter:label1\" content=\"Est. reading time\" \/>\n\t<meta name=\"twitter:data1\" content=\"2 minutes\" \/>\n<script type=\"application\/ld+json\" class=\"yoast-schema-graph\">{\"@context\":\"https:\\\/\\\/schema.org\",\"@graph\":[{\"@type\":\"WebPage\",\"@id\":\"https:\\\/\\\/inglis.ca\\\/fr\\\/a-propos-de-nous\\\/conditions-d-utilisation\\\/\",\"url\":\"https:\\\/\\\/inglis.ca\\\/fr\\\/a-propos-de-nous\\\/conditions-d-utilisation\\\/\",\"name\":\"Conditions d\u2019 utilisation - Inglis Home Appliances\",\"isPartOf\":{\"@id\":\"https:\\\/\\\/inglis.ca\\\/#website\"},\"datePublished\":\"2017-05-01T15:44:11+00:00\",\"dateModified\":\"2017-05-09T20:20:51+00:00\",\"breadcrumb\":{\"@id\":\"https:\\\/\\\/inglis.ca\\\/fr\\\/a-propos-de-nous\\\/conditions-d-utilisation\\\/#breadcrumb\"},\"inLanguage\":\"fr-FR\",\"potentialAction\":[{\"@type\":\"ReadAction\",\"target\":[\"https:\\\/\\\/inglis.ca\\\/fr\\\/a-propos-de-nous\\\/conditions-d-utilisation\\\/\"]}]},{\"@type\":\"BreadcrumbList\",\"@id\":\"https:\\\/\\\/inglis.ca\\\/fr\\\/a-propos-de-nous\\\/conditions-d-utilisation\\\/#breadcrumb\",\"itemListElement\":[{\"@type\":\"ListItem\",\"position\":1,\"name\":\"Home\",\"item\":\"https:\\\/\\\/inglis.ca\\\/fr\\\/\"},{\"@type\":\"ListItem\",\"position\":2,\"name\":\"\u00c0 propos de nous\",\"item\":\"https:\\\/\\\/inglis.ca\\\/fr\\\/a-propos-de-nous\\\/\"},{\"@type\":\"ListItem\",\"position\":3,\"name\":\"Conditions d\u2019 utilisation\"}]},{\"@type\":\"WebSite\",\"@id\":\"https:\\\/\\\/inglis.ca\\\/#website\",\"url\":\"https:\\\/\\\/inglis.ca\\\/\",\"name\":\"Inglis Home Appliances\",\"description\":\"Quality you can trust\",\"publisher\":{\"@id\":\"https:\\\/\\\/inglis.ca\\\/#organization\"},\"potentialAction\":[{\"@type\":\"SearchAction\",\"target\":{\"@type\":\"EntryPoint\",\"urlTemplate\":\"https:\\\/\\\/inglis.ca\\\/?s={search_term_string}\"},\"query-input\":{\"@type\":\"PropertyValueSpecification\",\"valueRequired\":true,\"valueName\":\"search_term_string\"}}],\"inLanguage\":\"fr-FR\"},{\"@type\":\"Organization\",\"@id\":\"https:\\\/\\\/inglis.ca\\\/#organization\",\"name\":\"Inglis Home Appliances\",\"url\":\"https:\\\/\\\/inglis.ca\\\/\",\"logo\":{\"@type\":\"ImageObject\",\"inLanguage\":\"fr-FR\",\"@id\":\"https:\\\/\\\/inglis.ca\\\/#\\\/schema\\\/logo\\\/image\\\/\",\"url\":\"https:\\\/\\\/inglis.ca\\\/wp-content\\\/uploads\\\/2017\\\/05\\\/InglisLogo.png\",\"contentUrl\":\"https:\\\/\\\/inglis.ca\\\/wp-content\\\/uploads\\\/2017\\\/05\\\/InglisLogo.png\",\"width\":154,\"height\":61,\"caption\":\"Inglis Home Appliances\"},\"image\":{\"@id\":\"https:\\\/\\\/inglis.ca\\\/#\\\/schema\\\/logo\\\/image\\\/\"}}]}<\/script>\n<!-- \/ Yoast SEO plugin. -->","yoast_head_json":{"title":"Conditions d\u2019 utilisation - Inglis Home Appliances","robots":{"index":"index","follow":"follow","max-snippet":"max-snippet:-1","max-image-preview":"max-image-preview:large","max-video-preview":"max-video-preview:-1"},"canonical":"https:\/\/inglis.ca\/fr\/a-propos-de-nous\/conditions-d-utilisation\/","og_locale":"fr_FR","og_type":"article","og_title":"Conditions d\u2019 utilisation - Inglis Home Appliances","og_description":"[vc_row][vc_column][vc_column_text] Conditions d&rsquo;utilisation L&rsquo;information contenue dans ce site ne s&rsquo;applique qu&rsquo;aux produits, services et promotions disponibles au Canada. Droit d&rsquo;auteur\/propri\u00e9t\u00e9 intellectuelle La totalit\u00e9 de ce site World Wide Web est sujette \u00e0 des droits d&rsquo;auteur en vertu de la loi des \u00c9tats-Unis et elle est prot\u00e9g\u00e9e par les lois des droits d&rsquo;auteur et les dispositions&hellip;","og_url":"https:\/\/inglis.ca\/fr\/a-propos-de-nous\/conditions-d-utilisation\/","og_site_name":"Inglis Home Appliances","article_modified_time":"2017-05-09T20:20:51+00:00","twitter_card":"summary_large_image","twitter_misc":{"Est. reading time":"2 minutes"},"schema":{"@context":"https:\/\/schema.org","@graph":[{"@type":"WebPage","@id":"https:\/\/inglis.ca\/fr\/a-propos-de-nous\/conditions-d-utilisation\/","url":"https:\/\/inglis.ca\/fr\/a-propos-de-nous\/conditions-d-utilisation\/","name":"Conditions d\u2019 utilisation - Inglis Home Appliances","isPartOf":{"@id":"https:\/\/inglis.ca\/#website"},"datePublished":"2017-05-01T15:44:11+00:00","dateModified":"2017-05-09T20:20:51+00:00","breadcrumb":{"@id":"https:\/\/inglis.ca\/fr\/a-propos-de-nous\/conditions-d-utilisation\/#breadcrumb"},"inLanguage":"fr-FR","potentialAction":[{"@type":"ReadAction","target":["https:\/\/inglis.ca\/fr\/a-propos-de-nous\/conditions-d-utilisation\/"]}]},{"@type":"BreadcrumbList","@id":"https:\/\/inglis.ca\/fr\/a-propos-de-nous\/conditions-d-utilisation\/#breadcrumb","itemListElement":[{"@type":"ListItem","position":1,"name":"Home","item":"https:\/\/inglis.ca\/fr\/"},{"@type":"ListItem","position":2,"name":"\u00c0 propos de nous","item":"https:\/\/inglis.ca\/fr\/a-propos-de-nous\/"},{"@type":"ListItem","position":3,"name":"Conditions d\u2019 utilisation"}]},{"@type":"WebSite","@id":"https:\/\/inglis.ca\/#website","url":"https:\/\/inglis.ca\/","name":"Inglis Home Appliances","description":"Quality you can trust","publisher":{"@id":"https:\/\/inglis.ca\/#organization"},"potentialAction":[{"@type":"SearchAction","target":{"@type":"EntryPoint","urlTemplate":"https:\/\/inglis.ca\/?s={search_term_string}"},"query-input":{"@type":"PropertyValueSpecification","valueRequired":true,"valueName":"search_term_string"}}],"inLanguage":"fr-FR"},{"@type":"Organization","@id":"https:\/\/inglis.ca\/#organization","name":"Inglis Home Appliances","url":"https:\/\/inglis.ca\/","logo":{"@type":"ImageObject","inLanguage":"fr-FR","@id":"https:\/\/inglis.ca\/#\/schema\/logo\/image\/","url":"https:\/\/inglis.ca\/wp-content\/uploads\/2017\/05\/InglisLogo.png","contentUrl":"https:\/\/inglis.ca\/wp-content\/uploads\/2017\/05\/InglisLogo.png","width":154,"height":61,"caption":"Inglis Home Appliances"},"image":{"@id":"https:\/\/inglis.ca\/#\/schema\/logo\/image\/"}}]}},"_links":{"self":[{"href":"https:\/\/inglis.ca\/fr\/wp-json\/wp\/v2\/pages\/5374","targetHints":{"allow":["GET"]}}],"collection":[{"href":"https:\/\/inglis.ca\/fr\/wp-json\/wp\/v2\/pages"}],"about":[{"href":"https:\/\/inglis.ca\/fr\/wp-json\/wp\/v2\/types\/page"}],"author":[{"embeddable":true,"href":"https:\/\/inglis.ca\/fr\/wp-json\/wp\/v2\/users\/1"}],"replies":[{"embeddable":true,"href":"https:\/\/inglis.ca\/fr\/wp-json\/wp\/v2\/comments?post=5374"}],"version-history":[{"count":4,"href":"https:\/\/inglis.ca\/fr\/wp-json\/wp\/v2\/pages\/5374\/revisions"}],"predecessor-version":[{"id":5388,"href":"https:\/\/inglis.ca\/fr\/wp-json\/wp\/v2\/pages\/5374\/revisions\/5388"}],"up":[{"embeddable":true,"href":"https:\/\/inglis.ca\/fr\/wp-json\/wp\/v2\/pages\/5111"}],"wp:attachment":[{"href":"https:\/\/inglis.ca\/fr\/wp-json\/wp\/v2\/media?parent=5374"}],"curies":[{"name":"wp","href":"https:\/\/api.w.org\/{rel}","templated":true}]}}