{"id":5363,"date":"2017-05-01T15:43:32","date_gmt":"2017-05-01T15:43:32","guid":{"rendered":"http:\/\/70.32.76.21\/~cginglis\/customer-care\/contact-us\/"},"modified":"2017-05-12T13:21:55","modified_gmt":"2017-05-12T13:21:55","slug":"contactez-nous","status":"publish","type":"page","link":"https:\/\/inglis.ca\/fr\/soins-de-la-clientele\/contactez-nous\/","title":{"rendered":"Contactez-nous"},"content":{"rendered":"<div class=\"wpb-content-wrapper\">[vc_row full_width=\u00a0\u00bbstretch_row\u00a0\u00bb content_placement=\u00a0\u00bbmiddle\u00a0\u00bb typography_style=\u00a0\u00bbwhite\u00a0\u00bb wpex_bg_overlay=\u00a0\u00bbcolor\u00a0\u00bb el_class=\u00a0\u00bbcustomer-care center\u00a0\u00bb css=\u00a0\u00bb.vc_custom_1494347465261{margin-bottom: 40px !important;padding-top: 60px !important;padding-bottom: 60px !important;background: #005696 url(https:\/\/inglis.ca\/wp-content\/uploads\/stock-photo-business-people-group-with-headphones-giving-support-in-help-desk-office-to-customers-manager-102502580.jpg?id=5309) !important;background-position: center !important;background-repeat: no-repeat !important;background-size: cover !important;}\u00a0\u00bb wpex_bg_overlay_color=\u00a0\u00bb#005696&Prime; wpex_bg_overlay_opacity=\u00a0\u00bb.9&Prime; el_id=\u00a0\u00bbhero\u00a0\u00bb][vc_column]<style>.vcex-icon.vcex_69dfe6b3ab9d8{font-size:64px;}.vcex-icon.vcex_69dfe6b3ab9d8 .vcex-icon-wrap{width:120px;height:120px;}<\/style><div class=\"vcex-icon vcex-module vcex-icon-xlarge wpex-float-none wpex-m-auto wpex-text-center vcex_69dfe6b3ab9d8\"><div class=\"vcex-icon-wrap wpex-inline-flex wpex-items-center wpex-justify-center wpex-leading-none\"><span class=\"wpex-icon\" aria-hidden=\"true\"><svg style=\"overflow:visible\" xmlns=\"http:\/\/www.w3.org\/2000\/svg\" viewBox=\"0 0 27 32\"><path d=\"M16 24.571v-3.429q0-0.25-0.161-0.411t-0.411-0.161h-3.429q-0.25 0-0.411 0.161t-0.161 0.411v3.429q0 0.25 0.161 0.411t0.411 0.161h3.429q0.25 0 0.411-0.161t0.161-0.411zM20.571 12.571q0-1.571-0.991-2.911t-2.473-2.071-3.036-0.732q-4.339 0-6.625 3.804-0.268 0.429 0.143 0.75l2.357 1.786q0.125 0.107 0.339 0.107 0.286 0 0.446-0.214 0.946-1.214 1.536-1.643 0.607-0.429 1.536-0.429 0.857 0 1.527 0.464t0.67 1.054q0 0.679-0.357 1.089t-1.214 0.804q-1.125 0.5-2.063 1.545t-0.938 2.241v0.643q0 0.25 0.161 0.411t0.411 0.161h3.429q0.25 0 0.411-0.161t0.161-0.411q0-0.339 0.384-0.884t0.973-0.884q0.571-0.321 0.875-0.509t0.821-0.625 0.795-0.857 0.5-1.080 0.223-1.446zM27.429 16q0 3.732-1.839 6.884t-4.991 4.991-6.884 1.839-6.884-1.839-4.991-4.991-1.839-6.884 1.839-6.884 4.991-4.991 6.884-1.839 6.884 1.839 4.991 4.991 1.839 6.884z\"><\/path><\/svg><\/span><\/div><\/div>[vc_column_text responsive_text=\u00a0\u00bbtrue\u00a0\u00bb font_size=\u00a0\u00bb36px\u00a0\u00bb min_font_size=\u00a0\u00bb24px\u00a0\u00bb font_family=\u00a0\u00bbRoboto\u00a0\u00bb font_weight=\u00a0\u00bb900&Prime; css=\u00a0\u00bb.vc_custom_1494347597265{margin-bottom: 30px !important;}\u00a0\u00bb]\n<h1>Contactez-nous<\/h1>\n[\/vc_column_text]<style>.vcex-divider-multicolor.vcex_69dfe6b3abec0{max-width:30%;margin-block-end:20px;}.vcex-divider-multicolor.vcex_69dfe6b3abec0 .vcex-divider-multicolor__item{height:2px;}<\/style><div class=\"vcex-divider-multicolor vcex-module wpex-flex wpex-w-100 wpex-m-auto vcex_69dfe6b3abec0\"><span class=\"vcex-divider-multicolor__item wpex-flex-grow\" style=\"background:#ffffff;\"><\/span><span class=\"vcex-divider-multicolor__item wpex-flex-grow\" style=\"background:#e1effa;\"><\/span><span class=\"vcex-divider-multicolor__item wpex-flex-grow\" style=\"background:#f0cd24;\"><\/span><\/div>[vc_column_text css=\u00a0\u00bb.vc_custom_1494347681098{margin-bottom: 20px !important;}\u00a0\u00bb width=\u00a0\u00bb50%\u00a0\u00bb line_height=\u00a0\u00bb34px\u00a0\u00bb]\n<h2>Centre de service \u00e0 la client\u00e8le.<\/h2>\n[\/vc_column_text][\/vc_column][\/vc_row][vc_row][vc_column][vc_column_text]Nous esp\u00e9rons sinc\u00e8rement que vous trouverez tous les renseignements dont vous avez besoin sur notre site Web. Cependant, si vous aimeriez communiquer avec un repr\u00e9sentant KitchenAid pour lui faire part de questions, de commentaires ou de pr\u00e9occupations au sujet de vos appareils \u00e9lectrom\u00e9nagers, du service ou des promotions aux consommateurs, n&rsquo;h\u00e9sitez surtout pas \u00e0 nous appeler.<\/p>\n<h2>Centre de service \u00e0 la client\u00e8le<\/h2>\n<h3>Num\u00e9ro sans frais 1 800 807-6777<\/h3>\n<p>De 7 h 30 \u00e0 20 h 00 (HNE)<br \/>\nDu lundi au vendredi<\/p>\n<p>Pour information sur des ventes de pi\u00e8ces et d\u2019accessoires <a href=\"http:\/\/www.whirlpoolparts.ca\/\" target=\"_blank\" rel=\"noopener noreferrer\">whirlpoolparts.ca<\/a>[\/vc_column_text][\/vc_column][\/vc_row][vc_row full_width=\u00a0\u00bbstretch_row\u00a0\u00bb content_placement=\u00a0\u00bbtop\u00a0\u00bb gap=\u00a0\u00bb30&Prime; bg_style=\u00a0\u00bbstretch\u00a0\u00bb css=\u00a0\u00bb.vc_custom_1494261834395{padding-top: 40px !important;padding-bottom: 40px !important;}\u00a0\u00bb][vc_column width=\u00a0\u00bb1\/4&Prime; bg_style=\u00a0\u00bbstretch\u00a0\u00bb padding_top=\u00a0\u00bb20px\u00a0\u00bb padding_bottom=\u00a0\u00bb20px\u00a0\u00bb padding_left=\u00a0\u00bb20px\u00a0\u00bb padding_right=\u00a0\u00bb20px\u00a0\u00bb]<style>.vcex-icon-box.vcex_69dfe6b3ad31e .vcex-icon-box-heading{font-size:24px;}.vcex-icon-box.vcex_69dfe6b3ad31e .vcex-icon-box-icon{font-size:64px;color:#005696;background-color:#f2f2f2;border-radius:50%;height:120px;width:120px;}@media (max-width:1024px){.vcex-icon-box.vcex_69dfe6b3ad31e .vcex-icon-box-heading{font-size:16px;}}@media (max-width:959px){.vcex-icon-box.vcex_69dfe6b3ad31e .vcex-icon-box-heading{font-size:16px;}}@media (max-width:767px){.vcex-icon-box.vcex_69dfe6b3ad31e .vcex-icon-box-heading{font-size:16px;}}@media (max-width:479px){.vcex-icon-box.vcex_69dfe6b3ad31e .vcex-icon-box-heading{font-size:16px;}}<\/style><a class=\"vcex-module vcex-icon-box vcex-icon-box-two vcex-icon-box-has-link wpex-inherit-color wpex-no-underline wpex-block wpex-text-center vcex_69dfe6b3ad31e\" href=\"https:\/\/inglis.ca\/fr\/soins-de-la-clientele\/depannage\/\"><div class=\"vcex-icon-box-symbol vcex-icon-box-symbol--icon wpex-mb-20\"><div class=\"vcex-icon-box-icon wpex-items-center wpex-justify-center wpex-child-inherit-color wpex-text-center wpex-leading-none wpex-inline-flex wpex-text-1\"><span class=\"wpex-flex wpex-icon\" aria-hidden=\"true\"><svg xmlns=\"http:\/\/www.w3.org\/2000\/svg\" viewBox=\"0 0 512 512\"><path d=\"M352 320c88.4 0 160-71.6 160-160c0-15.3-2.2-30.1-6.2-44.2c-3.1-10.8-16.4-13.2-24.3-5.3l-76.8 76.8c-3 3-7.1 4.7-11.3 4.7H336c-8.8 0-16-7.2-16-16V118.6c0-4.2 1.7-8.3 4.7-11.3l76.8-76.8c7.9-7.9 5.4-21.2-5.3-24.3C382.1 2.2 367.3 0 352 0C263.6 0 192 71.6 192 160c0 19.1 3.4 37.5 9.5 54.5L19.9 396.1C7.2 408.8 0 426.1 0 444.1C0 481.6 30.4 512 67.9 512c18 0 35.3-7.2 48-19.9L297.5 310.5c17 6.2 35.4 9.5 54.5 9.5zM80 408a24 24 0 1 1 0 48 24 24 0 1 1 0-48z\"\/><\/svg><\/span><\/div><\/div><div class=\"vcex-icon-box-text\"><h3 class=\"vcex-icon-box-heading wpex-heading wpex-mb-10\">D\u00e9pannage<\/h3><div class=\"vcex-icon-box-content wpex-last-mb-0 wpex-clr\"><p>Essayez d\u2019abord les solutions propos\u00e9es ici avant d\u2019appeler un technicien, cela pourra vous \u00e9viter des frais de r\u00e9paration \u00e9lev\u00e9s.<\/p>\n<\/div><\/div><\/a>[\/vc_column][vc_column width=\u00a0\u00bb1\/4&Prime; bg_style=\u00a0\u00bbstretch\u00a0\u00bb css=\u00a0\u00bb.vc_custom_1494261957386{padding-top: 20px !important;padding-right: 20px !important;padding-bottom: 20px !important;padding-left: 20px !important;}\u00a0\u00bb]<style>.vcex-icon-box.vcex_69dfe6b3ae32d .vcex-icon-box-heading{font-size:24px;}.vcex-icon-box.vcex_69dfe6b3ae32d .vcex-icon-box-icon{font-size:64px;color:#005696;background-color:#f2f2f2;border-radius:50%;height:120px;width:120px;}@media (max-width:1024px){.vcex-icon-box.vcex_69dfe6b3ae32d .vcex-icon-box-heading{font-size:16px;}}@media (max-width:959px){.vcex-icon-box.vcex_69dfe6b3ae32d .vcex-icon-box-heading{font-size:16px;}}@media (max-width:767px){.vcex-icon-box.vcex_69dfe6b3ae32d .vcex-icon-box-heading{font-size:16px;}}@media (max-width:479px){.vcex-icon-box.vcex_69dfe6b3ae32d .vcex-icon-box-heading{font-size:16px;}}<\/style><a class=\"vcex-module vcex-icon-box vcex-icon-box-two vcex-icon-box-has-link wpex-inherit-color wpex-no-underline wpex-block wpex-text-center vcex_69dfe6b3ae32d\" href=\"https:\/\/inglis.ca\/fr\/soins-de-la-clientele\/demande-de-service\/\"><div class=\"vcex-icon-box-symbol vcex-icon-box-symbol--icon wpex-mb-20\"><div class=\"vcex-icon-box-icon wpex-items-center wpex-justify-center wpex-child-inherit-color wpex-text-center wpex-leading-none wpex-inline-flex wpex-text-1\"><span class=\"wpex-flex entypo-icon entypo-icon-calendar\" aria-hidden=\"true\"><\/span><\/div><\/div><div class=\"vcex-icon-box-text\"><h3 class=\"vcex-icon-box-heading wpex-heading wpex-mb-10\">Demande de service<\/h3><div class=\"vcex-icon-box-content wpex-last-mb-0 wpex-clr\"><p>Prenez rendez-vous pour votre service en ligne maintenant.<\/p>\n<\/div><\/div><\/a>[\/vc_column][vc_column width=\u00a0\u00bb1\/4&Prime; css=\u00a0\u00bb.vc_custom_1494261965663{padding-top: 20px !important;padding-right: 20px !important;padding-bottom: 20px !important;padding-left: 20px !important;}\u00a0\u00bb]<style>.vcex-icon-box.vcex_69dfe6b3af0fb .vcex-icon-box-heading{font-size:24px;}.vcex-icon-box.vcex_69dfe6b3af0fb .vcex-icon-box-icon{font-size:64px;color:#005696;background-color:#f2f2f2;border-radius:50%;height:120px;width:120px;}@media (max-width:1024px){.vcex-icon-box.vcex_69dfe6b3af0fb .vcex-icon-box-heading{font-size:16px;}}@media (max-width:959px){.vcex-icon-box.vcex_69dfe6b3af0fb .vcex-icon-box-heading{font-size:16px;}}@media (max-width:767px){.vcex-icon-box.vcex_69dfe6b3af0fb .vcex-icon-box-heading{font-size:16px;}}@media (max-width:479px){.vcex-icon-box.vcex_69dfe6b3af0fb .vcex-icon-box-heading{font-size:16px;}}<\/style><a class=\"vcex-module vcex-icon-box vcex-icon-box-two vcex-icon-box-has-link wpex-inherit-color wpex-no-underline wpex-block wpex-text-center vcex_69dfe6b3af0fb\" href=\"https:\/\/inglis.ca\/fr\/soins-de-la-clientele\/contactez-nous\/\"><div class=\"vcex-icon-box-symbol vcex-icon-box-symbol--icon wpex-mb-20\"><div class=\"vcex-icon-box-icon wpex-items-center wpex-justify-center wpex-child-inherit-color wpex-text-center wpex-leading-none wpex-inline-flex wpex-text-1\"><span class=\"wpex-flex wpex-icon\" aria-hidden=\"true\"><svg style=\"overflow:visible\" xmlns=\"http:\/\/www.w3.org\/2000\/svg\" viewBox=\"0 0 27 32\"><path d=\"M16 24.571v-3.429q0-0.25-0.161-0.411t-0.411-0.161h-3.429q-0.25 0-0.411 0.161t-0.161 0.411v3.429q0 0.25 0.161 0.411t0.411 0.161h3.429q0.25 0 0.411-0.161t0.161-0.411zM20.571 12.571q0-1.571-0.991-2.911t-2.473-2.071-3.036-0.732q-4.339 0-6.625 3.804-0.268 0.429 0.143 0.75l2.357 1.786q0.125 0.107 0.339 0.107 0.286 0 0.446-0.214 0.946-1.214 1.536-1.643 0.607-0.429 1.536-0.429 0.857 0 1.527 0.464t0.67 1.054q0 0.679-0.357 1.089t-1.214 0.804q-1.125 0.5-2.063 1.545t-0.938 2.241v0.643q0 0.25 0.161 0.411t0.411 0.161h3.429q0.25 0 0.411-0.161t0.161-0.411q0-0.339 0.384-0.884t0.973-0.884q0.571-0.321 0.875-0.509t0.821-0.625 0.795-0.857 0.5-1.080 0.223-1.446zM27.429 16q0 3.732-1.839 6.884t-4.991 4.991-6.884 1.839-6.884-1.839-4.991-4.991-1.839-6.884 1.839-6.884 4.991-4.991 6.884-1.839 6.884 1.839 4.991 4.991 1.839 6.884z\"><\/path><\/svg><\/span><\/div><\/div><div class=\"vcex-icon-box-text\"><h3 class=\"vcex-icon-box-heading wpex-heading wpex-mb-10\">Contactez-nous<\/h3><div class=\"vcex-icon-box-content wpex-last-mb-0 wpex-clr\"><p>Centre de service \u00e0 la client\u00e8le.<\/p>\n<\/div><\/div><\/a>[\/vc_column][vc_column width=\u00a0\u00bb1\/4&Prime; bg_style=\u00a0\u00bbstretch\u00a0\u00bb css=\u00a0\u00bb.vc_custom_1494261971761{padding-top: 20px !important;padding-right: 20px !important;padding-bottom: 20px !important;padding-left: 20px !important;}\u00a0\u00bb]<style>.vcex-icon-box.vcex_69dfe6b3aff9c .vcex-icon-box-heading{font-size:24px;}.vcex-icon-box.vcex_69dfe6b3aff9c .vcex-icon-box-icon{font-size:64px;color:#005696;background-color:#f2f2f2;border-radius:50%;height:120px;width:120px;}@media (max-width:1024px){.vcex-icon-box.vcex_69dfe6b3aff9c .vcex-icon-box-heading{font-size:16px;}}@media (max-width:959px){.vcex-icon-box.vcex_69dfe6b3aff9c .vcex-icon-box-heading{font-size:16px;}}@media (max-width:767px){.vcex-icon-box.vcex_69dfe6b3aff9c .vcex-icon-box-heading{font-size:16px;}}@media (max-width:479px){.vcex-icon-box.vcex_69dfe6b3aff9c .vcex-icon-box-heading{font-size:16px;}}<\/style><a class=\"vcex-module vcex-icon-box vcex-icon-box-two vcex-icon-box-has-link wpex-inherit-color wpex-no-underline wpex-block wpex-text-center vcex_69dfe6b3aff9c\" href=\"http:\/\/repair.whirlpool.com\/\" target=\"_blank\" rel=\"noopener noreferrer\"><div class=\"vcex-icon-box-symbol vcex-icon-box-symbol--icon wpex-mb-20\"><div class=\"vcex-icon-box-icon wpex-items-center wpex-justify-center wpex-child-inherit-color wpex-text-center wpex-leading-none wpex-inline-flex wpex-text-1\"><span class=\"wpex-flex wpex-icon\" aria-hidden=\"true\"><svg xmlns=\"http:\/\/www.w3.org\/2000\/svg\" viewBox=\"0 0 512 512\"><path d=\"M256 512A256 256 0 1 0 256 0a256 256 0 1 0 0 512zm0-384c13.3 0 24 10.7 24 24V264c0 13.3-10.7 24-24 24s-24-10.7-24-24V152c0-13.3 10.7-24 24-24zM224 352a32 32 0 1 1 64 0 32 32 0 1 1 -64 0z\"\/><\/svg><\/span><\/div><\/div><div class=\"vcex-icon-box-text\"><h3 class=\"vcex-icon-box-heading wpex-heading wpex-mb-10\">Renseignements de rappel<\/h3><div class=\"vcex-icon-box-content wpex-last-mb-0 wpex-clr\"><p>Rep\u00e9rer les rappels de produit Inglis et mises \u00e0 jour.<\/p>\n<\/div><\/div><\/a>[\/vc_column][\/vc_row]\n<\/div>","protected":false},"excerpt":{"rendered":"<p>[vc_row full_width=\u00a0\u00bbstretch_row\u00a0\u00bb content_placement=\u00a0\u00bbmiddle\u00a0\u00bb typography_style=\u00a0\u00bbwhite\u00a0\u00bb wpex_bg_overlay=\u00a0\u00bbcolor\u00a0\u00bb el_class=\u00a0\u00bbcustomer-care center\u00a0\u00bb css=\u00a0\u00bb.vc_custom_1494347465261{margin-bottom: 40px !important;padding-top: 60px !important;padding-bottom: 60px !important;background: #005696 url(https:\/\/inglis.ca\/wp-content\/uploads\/stock-photo-business-people-group-with-headphones-giving-support-in-help-desk-office-to-customers-manager-102502580.jpg?id=5309) !important;background-position: center !important;background-repeat: no-repeat !important;background-size: cover !important;}\u00a0\u00bb wpex_bg_overlay_color=\u00a0\u00bb#005696&Prime; wpex_bg_overlay_opacity=\u00a0\u00bb.9&Prime; el_id=\u00a0\u00bbhero\u00a0\u00bb][vc_column][vc_column_text responsive_text=\u00a0\u00bbtrue\u00a0\u00bb font_size=\u00a0\u00bb36px\u00a0\u00bb min_font_size=\u00a0\u00bb24px\u00a0\u00bb font_family=\u00a0\u00bbRoboto\u00a0\u00bb font_weight=\u00a0\u00bb900&Prime; css=\u00a0\u00bb.vc_custom_1494347597265{margin-bottom: 30px !important;}\u00a0\u00bb] Contactez-nous [\/vc_column_text][vc_column_text css=\u00a0\u00bb.vc_custom_1494347681098{margin-bottom: 20px !important;}\u00a0\u00bb width=\u00a0\u00bb50%\u00a0\u00bb line_height=\u00a0\u00bb34px\u00a0\u00bb] Centre de service \u00e0 la client\u00e8le. [\/vc_column_text][\/vc_column][\/vc_row][vc_row][vc_column][vc_column_text]Nous esp\u00e9rons sinc\u00e8rement que vous trouverez tous les&hellip;<\/p>\n","protected":false},"author":1,"featured_media":0,"parent":5356,"menu_order":0,"comment_status":"closed","ping_status":"closed","template":"","meta":{"footnotes":""},"class_list":["post-5363","page","type-page","status-publish","hentry","entry","no-media"],"yoast_head":"<!-- This site is optimized with the Yoast SEO plugin v27.1.1 - https:\/\/yoast.com\/product\/yoast-seo-wordpress\/ -->\n<title>Contactez-nous - Inglis Home Appliances<\/title>\n<meta name=\"robots\" content=\"index, follow, max-snippet:-1, max-image-preview:large, max-video-preview:-1\" \/>\n<link rel=\"canonical\" href=\"https:\/\/inglis.ca\/fr\/soins-de-la-clientele\/contactez-nous\/\" \/>\n<meta property=\"og:locale\" content=\"fr_FR\" \/>\n<meta property=\"og:type\" content=\"article\" \/>\n<meta property=\"og:title\" content=\"Contactez-nous - Inglis Home Appliances\" \/>\n<meta property=\"og:description\" content=\"[vc_row full_width=\u00a0\u00bbstretch_row\u00a0\u00bb content_placement=\u00a0\u00bbmiddle\u00a0\u00bb typography_style=\u00a0\u00bbwhite\u00a0\u00bb wpex_bg_overlay=\u00a0\u00bbcolor\u00a0\u00bb el_class=\u00a0\u00bbcustomer-care center\u00a0\u00bb css=\u00a0\u00bb.vc_custom_1494347465261{margin-bottom: 40px !important;padding-top: 60px !important;padding-bottom: 60px !important;background: #005696 url(https:\/\/inglis.ca\/wp-content\/uploads\/stock-photo-business-people-group-with-headphones-giving-support-in-help-desk-office-to-customers-manager-102502580.jpg?id=5309) !important;background-position: center !important;background-repeat: no-repeat !important;background-size: cover !important;}\u00a0\u00bb wpex_bg_overlay_color=\u00a0\u00bb#005696&Prime; wpex_bg_overlay_opacity=\u00a0\u00bb.9&Prime; el_id=\u00a0\u00bbhero\u00a0\u00bb][vc_column][vc_column_text responsive_text=\u00a0\u00bbtrue\u00a0\u00bb font_size=\u00a0\u00bb36px\u00a0\u00bb min_font_size=\u00a0\u00bb24px\u00a0\u00bb font_family=\u00a0\u00bbRoboto\u00a0\u00bb font_weight=\u00a0\u00bb900&Prime; css=\u00a0\u00bb.vc_custom_1494347597265{margin-bottom: 30px !important;}\u00a0\u00bb] Contactez-nous [\/vc_column_text][vc_column_text css=\u00a0\u00bb.vc_custom_1494347681098{margin-bottom: 20px !important;}\u00a0\u00bb width=\u00a0\u00bb50%\u00a0\u00bb line_height=\u00a0\u00bb34px\u00a0\u00bb] Centre de service \u00e0 la client\u00e8le. [\/vc_column_text][\/vc_column][\/vc_row][vc_row][vc_column][vc_column_text]Nous esp\u00e9rons sinc\u00e8rement que vous trouverez tous les&hellip;\" \/>\n<meta property=\"og:url\" content=\"https:\/\/inglis.ca\/fr\/soins-de-la-clientele\/contactez-nous\/\" \/>\n<meta property=\"og:site_name\" content=\"Inglis Home Appliances\" \/>\n<meta property=\"article:modified_time\" content=\"2017-05-12T13:21:55+00:00\" \/>\n<meta name=\"twitter:card\" content=\"summary_large_image\" \/>\n<meta name=\"twitter:label1\" content=\"Est. reading time\" \/>\n\t<meta name=\"twitter:data1\" content=\"3 minutes\" \/>\n<script type=\"application\/ld+json\" class=\"yoast-schema-graph\">{\"@context\":\"https:\/\/schema.org\",\"@graph\":[{\"@type\":\"WebPage\",\"@id\":\"https:\/\/inglis.ca\/fr\/soins-de-la-clientele\/contactez-nous\/\",\"url\":\"https:\/\/inglis.ca\/fr\/soins-de-la-clientele\/contactez-nous\/\",\"name\":\"Contactez-nous - Inglis Home Appliances\",\"isPartOf\":{\"@id\":\"https:\/\/inglis.ca\/#website\"},\"datePublished\":\"2017-05-01T15:43:32+00:00\",\"dateModified\":\"2017-05-12T13:21:55+00:00\",\"breadcrumb\":{\"@id\":\"https:\/\/inglis.ca\/fr\/soins-de-la-clientele\/contactez-nous\/#breadcrumb\"},\"inLanguage\":\"fr-FR\",\"potentialAction\":[{\"@type\":\"ReadAction\",\"target\":[\"https:\/\/inglis.ca\/fr\/soins-de-la-clientele\/contactez-nous\/\"]}]},{\"@type\":\"BreadcrumbList\",\"@id\":\"https:\/\/inglis.ca\/fr\/soins-de-la-clientele\/contactez-nous\/#breadcrumb\",\"itemListElement\":[{\"@type\":\"ListItem\",\"position\":1,\"name\":\"Home\",\"item\":\"https:\/\/138.197.175.111\/fr\/\"},{\"@type\":\"ListItem\",\"position\":2,\"name\":\"Soins de la client\u00e8le\",\"item\":\"https:\/\/inglis.ca\/fr\/soins-de-la-clientele\/\"},{\"@type\":\"ListItem\",\"position\":3,\"name\":\"Contactez-nous\"}]},{\"@type\":\"WebSite\",\"@id\":\"https:\/\/inglis.ca\/#website\",\"url\":\"https:\/\/inglis.ca\/\",\"name\":\"Inglis Home Appliances\",\"description\":\"Quality you can trust\",\"publisher\":{\"@id\":\"https:\/\/inglis.ca\/#organization\"},\"potentialAction\":[{\"@type\":\"SearchAction\",\"target\":{\"@type\":\"EntryPoint\",\"urlTemplate\":\"https:\/\/inglis.ca\/?s={search_term_string}\"},\"query-input\":{\"@type\":\"PropertyValueSpecification\",\"valueRequired\":true,\"valueName\":\"search_term_string\"}}],\"inLanguage\":\"fr-FR\"},{\"@type\":\"Organization\",\"@id\":\"https:\/\/inglis.ca\/#organization\",\"name\":\"Inglis Home Appliances\",\"url\":\"https:\/\/inglis.ca\/\",\"logo\":{\"@type\":\"ImageObject\",\"inLanguage\":\"fr-FR\",\"@id\":\"https:\/\/inglis.ca\/#\/schema\/logo\/image\/\",\"url\":\"https:\/\/inglis.ca\/wp-content\/uploads\/2017\/05\/InglisLogo.png\",\"contentUrl\":\"https:\/\/inglis.ca\/wp-content\/uploads\/2017\/05\/InglisLogo.png\",\"width\":154,\"height\":61,\"caption\":\"Inglis Home Appliances\"},\"image\":{\"@id\":\"https:\/\/inglis.ca\/#\/schema\/logo\/image\/\"}}]}<\/script>\n<!-- \/ Yoast SEO plugin. -->","yoast_head_json":{"title":"Contactez-nous - Inglis Home Appliances","robots":{"index":"index","follow":"follow","max-snippet":"max-snippet:-1","max-image-preview":"max-image-preview:large","max-video-preview":"max-video-preview:-1"},"canonical":"https:\/\/inglis.ca\/fr\/soins-de-la-clientele\/contactez-nous\/","og_locale":"fr_FR","og_type":"article","og_title":"Contactez-nous - Inglis Home Appliances","og_description":"[vc_row full_width=\u00a0\u00bbstretch_row\u00a0\u00bb content_placement=\u00a0\u00bbmiddle\u00a0\u00bb typography_style=\u00a0\u00bbwhite\u00a0\u00bb wpex_bg_overlay=\u00a0\u00bbcolor\u00a0\u00bb el_class=\u00a0\u00bbcustomer-care center\u00a0\u00bb css=\u00a0\u00bb.vc_custom_1494347465261{margin-bottom: 40px !important;padding-top: 60px !important;padding-bottom: 60px !important;background: #005696 url(https:\/\/inglis.ca\/wp-content\/uploads\/stock-photo-business-people-group-with-headphones-giving-support-in-help-desk-office-to-customers-manager-102502580.jpg?id=5309) !important;background-position: center !important;background-repeat: no-repeat !important;background-size: cover !important;}\u00a0\u00bb wpex_bg_overlay_color=\u00a0\u00bb#005696&Prime; wpex_bg_overlay_opacity=\u00a0\u00bb.9&Prime; el_id=\u00a0\u00bbhero\u00a0\u00bb][vc_column][vc_column_text responsive_text=\u00a0\u00bbtrue\u00a0\u00bb font_size=\u00a0\u00bb36px\u00a0\u00bb min_font_size=\u00a0\u00bb24px\u00a0\u00bb font_family=\u00a0\u00bbRoboto\u00a0\u00bb font_weight=\u00a0\u00bb900&Prime; css=\u00a0\u00bb.vc_custom_1494347597265{margin-bottom: 30px !important;}\u00a0\u00bb] Contactez-nous [\/vc_column_text][vc_column_text css=\u00a0\u00bb.vc_custom_1494347681098{margin-bottom: 20px !important;}\u00a0\u00bb width=\u00a0\u00bb50%\u00a0\u00bb line_height=\u00a0\u00bb34px\u00a0\u00bb] Centre de service \u00e0 la client\u00e8le. [\/vc_column_text][\/vc_column][\/vc_row][vc_row][vc_column][vc_column_text]Nous esp\u00e9rons sinc\u00e8rement que vous trouverez tous les&hellip;","og_url":"https:\/\/inglis.ca\/fr\/soins-de-la-clientele\/contactez-nous\/","og_site_name":"Inglis Home Appliances","article_modified_time":"2017-05-12T13:21:55+00:00","twitter_card":"summary_large_image","twitter_misc":{"Est. reading time":"3 minutes"},"schema":{"@context":"https:\/\/schema.org","@graph":[{"@type":"WebPage","@id":"https:\/\/inglis.ca\/fr\/soins-de-la-clientele\/contactez-nous\/","url":"https:\/\/inglis.ca\/fr\/soins-de-la-clientele\/contactez-nous\/","name":"Contactez-nous - Inglis Home Appliances","isPartOf":{"@id":"https:\/\/inglis.ca\/#website"},"datePublished":"2017-05-01T15:43:32+00:00","dateModified":"2017-05-12T13:21:55+00:00","breadcrumb":{"@id":"https:\/\/inglis.ca\/fr\/soins-de-la-clientele\/contactez-nous\/#breadcrumb"},"inLanguage":"fr-FR","potentialAction":[{"@type":"ReadAction","target":["https:\/\/inglis.ca\/fr\/soins-de-la-clientele\/contactez-nous\/"]}]},{"@type":"BreadcrumbList","@id":"https:\/\/inglis.ca\/fr\/soins-de-la-clientele\/contactez-nous\/#breadcrumb","itemListElement":[{"@type":"ListItem","position":1,"name":"Home","item":"https:\/\/138.197.175.111\/fr\/"},{"@type":"ListItem","position":2,"name":"Soins de la client\u00e8le","item":"https:\/\/inglis.ca\/fr\/soins-de-la-clientele\/"},{"@type":"ListItem","position":3,"name":"Contactez-nous"}]},{"@type":"WebSite","@id":"https:\/\/inglis.ca\/#website","url":"https:\/\/inglis.ca\/","name":"Inglis Home Appliances","description":"Quality you can trust","publisher":{"@id":"https:\/\/inglis.ca\/#organization"},"potentialAction":[{"@type":"SearchAction","target":{"@type":"EntryPoint","urlTemplate":"https:\/\/inglis.ca\/?s={search_term_string}"},"query-input":{"@type":"PropertyValueSpecification","valueRequired":true,"valueName":"search_term_string"}}],"inLanguage":"fr-FR"},{"@type":"Organization","@id":"https:\/\/inglis.ca\/#organization","name":"Inglis Home Appliances","url":"https:\/\/inglis.ca\/","logo":{"@type":"ImageObject","inLanguage":"fr-FR","@id":"https:\/\/inglis.ca\/#\/schema\/logo\/image\/","url":"https:\/\/inglis.ca\/wp-content\/uploads\/2017\/05\/InglisLogo.png","contentUrl":"https:\/\/inglis.ca\/wp-content\/uploads\/2017\/05\/InglisLogo.png","width":154,"height":61,"caption":"Inglis Home Appliances"},"image":{"@id":"https:\/\/inglis.ca\/#\/schema\/logo\/image\/"}}]}},"_links":{"self":[{"href":"https:\/\/inglis.ca\/fr\/wp-json\/wp\/v2\/pages\/5363","targetHints":{"allow":["GET"]}}],"collection":[{"href":"https:\/\/inglis.ca\/fr\/wp-json\/wp\/v2\/pages"}],"about":[{"href":"https:\/\/inglis.ca\/fr\/wp-json\/wp\/v2\/types\/page"}],"author":[{"embeddable":true,"href":"https:\/\/inglis.ca\/fr\/wp-json\/wp\/v2\/users\/1"}],"replies":[{"embeddable":true,"href":"https:\/\/inglis.ca\/fr\/wp-json\/wp\/v2\/comments?post=5363"}],"version-history":[{"count":15,"href":"https:\/\/inglis.ca\/fr\/wp-json\/wp\/v2\/pages\/5363\/revisions"}],"predecessor-version":[{"id":5592,"href":"https:\/\/inglis.ca\/fr\/wp-json\/wp\/v2\/pages\/5363\/revisions\/5592"}],"up":[{"embeddable":true,"href":"https:\/\/inglis.ca\/fr\/wp-json\/wp\/v2\/pages\/5356"}],"wp:attachment":[{"href":"https:\/\/inglis.ca\/fr\/wp-json\/wp\/v2\/media?parent=5363"}],"curies":[{"name":"wp","href":"https:\/\/api.w.org\/{rel}","templated":true}]}}