{"id":5113,"date":"2017-05-01T15:42:02","date_gmt":"2017-05-01T15:42:02","guid":{"rendered":"http:\/\/70.32.76.21\/~cginglis\/products\/"},"modified":"2018-12-11T16:10:09","modified_gmt":"2018-12-11T16:10:09","slug":"produits","status":"publish","type":"page","link":"https:\/\/inglis.ca\/fr\/produits\/","title":{"rendered":"Produits"},"content":{"rendered":"<div class=\"wpb-content-wrapper\">[vc_row full_width=\u00a0\u00bbstretch_row\u00a0\u00bb content_placement=\u00a0\u00bbmiddle\u00a0\u00bb typography_style=\u00a0\u00bbwhite\u00a0\u00bb wpex_bg_overlay=\u00a0\u00bbcolor\u00a0\u00bb el_class=\u00a0\u00bbproducts center\u00a0\u00bb css=\u00a0\u00bb.vc_custom_1493750064142{padding-top: 60px !important;padding-bottom: 60px !important;background: #005696 url(https:\/\/inglis.ca\/wp-content\/uploads\/2017\/05\/stock-photo-beautiful-young-woman-is-holding-a-basin-with-laundry-looking-at-camera-and-smiling-while-standing-510916828.jpg?id=4971) !important;background-position: center !important;background-repeat: no-repeat !important;background-size: cover !important;}\u00a0\u00bb wpex_bg_overlay_color=\u00a0\u00bb#005696&Prime; wpex_bg_overlay_opacity=\u00a0\u00bb.9&Prime; el_id=\u00a0\u00bbhero\u00a0\u00bb][vc_column]<style>.vcex-icon.vcex_69f240c63a2b0{font-size:64px;}.vcex-icon.vcex_69f240c63a2b0 .vcex-icon-wrap{width:120px;height:120px;}<\/style><div class=\"vcex-icon vcex-module vcex-icon-xlarge wpex-float-none wpex-m-auto wpex-text-center vcex_69f240c63a2b0\"><div class=\"vcex-icon-wrap wpex-inline-flex wpex-items-center wpex-justify-center wpex-leading-none\"><span aria-hidden=\"true\" class=\"entypo-icon entypo-icon-doc-text\"><\/span><\/div><\/div>[vc_column_text responsive_text=\u00a0\u00bbtrue\u00a0\u00bb font_size=\u00a0\u00bb36px\u00a0\u00bb min_font_size=\u00a0\u00bb24px\u00a0\u00bb font_family=\u00a0\u00bbRoboto\u00a0\u00bb font_weight=\u00a0\u00bb400&Prime; css=\u00a0\u00bb.vc_custom_1494438574887{margin-bottom: 20px !important;}\u00a0\u00bb]\n<h1>Produits<\/h1>\n[\/vc_column_text]<style>.vcex-divider-multicolor.vcex_69f240c63ac05{max-width:30%;}.vcex-divider-multicolor.vcex_69f240c63ac05 .vcex-divider-multicolor__item{height:2px;}<\/style><div class=\"vcex-divider-multicolor vcex-module wpex-flex wpex-w-100 wpex-m-auto vcex_69f240c63ac05\"><span class=\"vcex-divider-multicolor__item wpex-flex-grow\" style=\"background:#ffffff;\"><\/span><span class=\"vcex-divider-multicolor__item wpex-flex-grow\" style=\"background:#e1effa;\"><\/span><span class=\"vcex-divider-multicolor__item wpex-flex-grow\" style=\"background:#f0cd24;\"><\/span><\/div>[vc_column_text css=\u00a0\u00bb.vc_custom_1494438587880{margin-bottom: 20px !important;}\u00a0\u00bb width=\u00a0\u00bb50%\u00a0\u00bb]\n<h2>La qualit\u00e9 assur\u00e9e!<\/h2>\n[\/vc_column_text][vc_column_text width=\u00a0\u00bb60%\u00a0\u00bb]Les appareils \u00e9lectrom\u00e9nagers de Inglis\u00ae &#8211; Simples, qui fonctionnent bien et durent longtemps![\/vc_column_text][\/vc_column][\/vc_row][vc_row css=\u00a0\u00bb.vc_custom_1493842356128{padding-top: 40px !important;padding-bottom: 40px !important;}\u00a0\u00bb el_class=\u00a0\u00bbcenter\u00a0\u00bb][vc_column][vc_column_text css=\u00a0\u00bb.vc_custom_1494438626739{margin-top: 0px !important;margin-bottom: 20px !important;padding-top: 0px !important;padding-bottom: 0px !important;}\u00a0\u00bb]\n<h2>Laveuses<\/h2>\n[\/vc_column_text][vc_column_text css=\u00a0\u00bb.vc_custom_1494438642244{margin-bottom: 60px !important;}\u00a0\u00bb width=\u00a0\u00bb60%\u00a0\u00bb font_weight=\u00a0\u00bb400&Prime;]Appareils \u00e9lectrom\u00e9nagers Inglis\u00ae \u00e9tait le premier \u00e0 offrir la laveuse \u00e0 essoreuse aux familles canadiennes en 1946. Depuis ce temps, vous pouvez vous fier aux appareils Inglis\u00ae pour viser la performance \u00e0 long terme gr\u00e2ce aux caract\u00e9ristiques simples et robustes sur lesquelles vous pouvez compter.[\/vc_column_text]<div class=\"vcex-module vcex-post-type-grid-wrap wpex-clr\"><div class=\"wpex-row vcex-post-type-grid entries wpex-clr match-height-grid\"><div class=\"vcex-post-type-entry vcex-grid-item wpex-clr col span_1_of_3 textcenter col-1 entry post-5367 type-portfolio has-media cat-87 translation_priority-81\"><div class=\"vcex-post-type-entry-inner entry-inner wpex-first-mt-0 wpex-last-mb-0 wpex-clr\"><div class=\"vcex-post-type-entry-media entry-media wpex-relative\"><a href=\"https:\/\/inglis.ca\/fr\/product\/itw4671ew\/\" title=\"Laveuse \u00e0 chargement vertical avec programmes de trempage, 12 programmes, 4,4 pi3 C.E.I.\"><img loading=\"lazy\" class=\"vcex-blog-entry-img wpex-align-middle\" decoding=\"async\" src=\"https:\/\/inglis.ca\/wp-content\/uploads\/2017\/05\/ITW467IEW-251x382.png\" alt=\"\" width=\"251\" height=\"382\"><\/a><\/div><div class=\"vcex-post-type-entry-details entry-details wpex-bordered wpex-first-mt-0 wpex-last-mb-0 wpex-clr\"><div class=\"match-height-content\"><h3 class=\"vcex-post-type-entry-title entry-title wpex-mb-5\"><a href=\"https:\/\/inglis.ca\/fr\/product\/itw4671ew\/\">Laveuse \u00e0 chargement vertical avec programmes de trempage, 12 programmes, 4,4 pi3 C.E.I.<\/a><\/h3 ><div class=\"vcex-post-type-entry-readmore-wrap entry-readmore-wrap wpex-my-15 wpex-clr\"><a href=\"https:\/\/inglis.ca\/fr\/product\/itw4671ew\/\" class=\"entry-readmore theme-button\" aria-label=\"Pour en savoir plus about Laveuse \u00e0 chargement vertical avec programmes de trempage, 12 programmes, 4,4 pi3 C.E.I.\">Pour en savoir plus<\/a><\/div><\/div><\/div><\/div><\/div><div class=\"vcex-post-type-entry vcex-grid-item wpex-clr col span_1_of_3 textcenter col-2 entry post-5365 type-portfolio has-media cat-87 cat-71 translation_priority-81\"><div class=\"vcex-post-type-entry-inner entry-inner wpex-first-mt-0 wpex-last-mb-0 wpex-clr\"><div class=\"vcex-post-type-entry-media entry-media wpex-relative\"><a href=\"https:\/\/inglis.ca\/fr\/product\/itw4871fw\/\" title=\"Inglis\u00ae 4,0 PI CU Laveuse \u00e0 chargement vertical\"><img loading=\"lazy\" class=\"vcex-blog-entry-img wpex-align-middle\" decoding=\"async\" src=\"https:\/\/inglis.ca\/wp-content\/uploads\/2017\/05\/ITW467IEW-251x382.png\" alt=\"\" width=\"251\" height=\"382\"><\/a><\/div><div class=\"vcex-post-type-entry-details entry-details wpex-bordered wpex-first-mt-0 wpex-last-mb-0 wpex-clr\"><div class=\"match-height-content\"><h3 class=\"vcex-post-type-entry-title entry-title wpex-mb-5\"><a href=\"https:\/\/inglis.ca\/fr\/product\/itw4871fw\/\">Inglis\u00ae 4,0 PI CU Laveuse \u00e0 chargement vertical<\/a><\/h3 ><div class=\"vcex-post-type-entry-readmore-wrap entry-readmore-wrap wpex-my-15 wpex-clr\"><a href=\"https:\/\/inglis.ca\/fr\/product\/itw4871fw\/\" class=\"entry-readmore theme-button\" aria-label=\"Pour en savoir plus about Inglis\u00ae 4,0 PI CU Laveuse \u00e0 chargement vertical\">Pour en savoir plus<\/a><\/div><\/div><\/div><\/div><\/div><div class=\"vcex-post-type-entry vcex-grid-item wpex-clr col span_1_of_3 textcenter col-3 entry post-6118 type-portfolio has-media cat-87 translation_priority-81\"><div class=\"vcex-post-type-entry-inner entry-inner wpex-first-mt-0 wpex-last-mb-0 wpex-clr\"><div class=\"vcex-post-type-entry-media entry-media wpex-relative\"><a href=\"https:\/\/inglis.ca\/fr\/product\/laveuse-a-chargement-frontal-a-profondeur-de-comptoir-50\/\" title=\"Laveuse \u00e0 chargement frontal \u00e0 profondeur de comptoir 5,0 pi\u00b3\"><img loading=\"lazy\" class=\"vcex-blog-entry-img wpex-align-middle\" decoding=\"async\" src=\"https:\/\/inglis.ca\/wp-content\/uploads\/Inglis-Washer-1-e1544476948978-251x382.png\" alt=\"inglis washer model #\" width=\"251\" height=\"382\"><\/a><\/div><div class=\"vcex-post-type-entry-details entry-details wpex-bordered wpex-first-mt-0 wpex-last-mb-0 wpex-clr\"><div class=\"match-height-content\"><h3 class=\"vcex-post-type-entry-title entry-title wpex-mb-5\"><a href=\"https:\/\/inglis.ca\/fr\/product\/laveuse-a-chargement-frontal-a-profondeur-de-comptoir-50\/\">Laveuse \u00e0 chargement frontal \u00e0 profondeur de comptoir 5,0 pi\u00b3<\/a><\/h3 ><div class=\"vcex-post-type-entry-readmore-wrap entry-readmore-wrap wpex-my-15 wpex-clr\"><a href=\"https:\/\/inglis.ca\/fr\/product\/laveuse-a-chargement-frontal-a-profondeur-de-comptoir-50\/\" class=\"entry-readmore theme-button\" aria-label=\"Pour en savoir plus about Laveuse \u00e0 chargement frontal \u00e0 profondeur de comptoir 5,0 pi\u00b3\">Pour en savoir plus<\/a><\/div><\/div><\/div><\/div><\/div><\/div><\/div>[\/vc_column][\/vc_row][vc_row][vc_column]<style>.vcex-divider-multicolor.vcex_69f240c648a82{max-width:30%;}.vcex-divider-multicolor.vcex_69f240c648a82 .vcex-divider-multicolor__item{height:2px;}<\/style><div class=\"vcex-divider-multicolor vcex-module wpex-flex wpex-w-100 wpex-m-auto vcex_69f240c648a82\"><span class=\"vcex-divider-multicolor__item wpex-flex-grow\" style=\"background:#e1effa;\"><\/span><span class=\"vcex-divider-multicolor__item wpex-flex-grow\" style=\"background:#f0cd24;\"><\/span><span class=\"vcex-divider-multicolor__item wpex-flex-grow\" style=\"background:#005696;\"><\/span><\/div>[\/vc_column][\/vc_row][vc_row css=\u00a0\u00bb.vc_custom_1493842445375{padding-top: 40px !important;padding-bottom: 40px !important;}\u00a0\u00bb el_class=\u00a0\u00bbcenter\u00a0\u00bb][vc_column][vc_column_text css=\u00a0\u00bb.vc_custom_1494438664292{margin-top: 0px !important;margin-bottom: 20px !important;padding-top: 0px !important;padding-bottom: 0px !important;}\u00a0\u00bb]\n<h2>S\u00e9cheuses<\/h2>\n[\/vc_column_text][vc_column_text css=\u00a0\u00bb.vc_custom_1494438673890{margin-bottom: 40px !important;}\u00a0\u00bb]Les s\u00e9cheuses Inglis\u00ae sont simples, qui fonctionnent bien et durent longtemps.[\/vc_column_text]<div class=\"vcex-module vcex-post-type-grid-wrap wpex-clr\"><div class=\"wpex-row vcex-post-type-grid entries wpex-clr match-height-grid\"><div class=\"vcex-post-type-entry vcex-grid-item wpex-clr col span_1_of_3 textcenter col-1 entry post-5696 type-portfolio has-media cat-73 cat-88 translation_priority-81\"><div class=\"vcex-post-type-entry-inner entry-inner wpex-first-mt-0 wpex-last-mb-0 wpex-clr\"><div class=\"vcex-post-type-entry-media entry-media wpex-relative\"><a href=\"https:\/\/inglis.ca\/fr\/product\/yied4671ew\/\" title=\"S\u00e9cheuse \u00e9lectrique Inglis\u00ae de 6,5 pi cu dot\u00e9e de contr\u00f4le de s\u00e9chage automatique\"><img loading=\"lazy\" class=\"vcex-blog-entry-img wpex-align-middle\" decoding=\"async\" src=\"https:\/\/inglis.ca\/wp-content\/uploads\/YIED4671EW_dryer-251x382.png\" alt=\"\" width=\"251\" height=\"382\"><\/a><\/div><div class=\"vcex-post-type-entry-details entry-details wpex-bordered wpex-first-mt-0 wpex-last-mb-0 wpex-clr\"><div class=\"match-height-content\"><h3 class=\"vcex-post-type-entry-title entry-title wpex-mb-5\"><a href=\"https:\/\/inglis.ca\/fr\/product\/yied4671ew\/\">S\u00e9cheuse \u00e9lectrique Inglis\u00ae de 6,5 pi cu dot\u00e9e de contr\u00f4le de s\u00e9chage automatique<\/a><\/h3 ><div class=\"vcex-post-type-entry-readmore-wrap entry-readmore-wrap wpex-my-15 wpex-clr\"><a href=\"https:\/\/inglis.ca\/fr\/product\/yied4671ew\/\" class=\"entry-readmore theme-button\" aria-label=\"Pour en savoir plus about S\u00e9cheuse \u00e9lectrique Inglis\u00ae de 6,5 pi cu dot\u00e9e de contr\u00f4le de s\u00e9chage automatique\">Pour en savoir plus<\/a><\/div><\/div><\/div><\/div><\/div><div class=\"vcex-post-type-entry vcex-grid-item wpex-clr col span_1_of_3 textcenter col-2 entry post-5816 type-portfolio has-media cat-73 cat-88\"><div class=\"vcex-post-type-entry-inner entry-inner wpex-first-mt-0 wpex-last-mb-0 wpex-clr\"><div class=\"vcex-post-type-entry-media entry-media wpex-relative\"><a href=\"https:\/\/inglis.ca\/fr\/product\/divider\/\" title=\"Divider\"><img loading=\"lazy\" class=\"vcex-blog-entry-img wpex-align-middle\" decoding=\"async\" src=\"https:\/\/inglis.ca\/wp-content\/uploads\/Divider-1-251x382.jpg\" alt=\"divider\" width=\"251\" height=\"382\"><\/a><\/div><div class=\"vcex-post-type-entry-details entry-details wpex-bordered wpex-first-mt-0 wpex-last-mb-0 wpex-clr\"><div class=\"match-height-content\"><h3 class=\"vcex-post-type-entry-title entry-title wpex-mb-5\"><a href=\"https:\/\/inglis.ca\/fr\/product\/divider\/\">Divider<\/a><\/h3 ><div class=\"vcex-post-type-entry-readmore-wrap entry-readmore-wrap wpex-my-15 wpex-clr\"><a href=\"https:\/\/inglis.ca\/fr\/product\/divider\/\" class=\"entry-readmore theme-button\" aria-label=\"Pour en savoir plus about Divider\">Pour en savoir plus<\/a><\/div><\/div><\/div><\/div><\/div><div class=\"vcex-post-type-entry vcex-grid-item wpex-clr col span_1_of_3 textcenter col-3 entry post-5783 type-portfolio has-media cat-73 cat-88 translation_priority-81\"><div class=\"vcex-post-type-entry-inner entry-inner wpex-first-mt-0 wpex-last-mb-0 wpex-clr\"><div class=\"vcex-post-type-entry-media entry-media wpex-relative\"><a href=\"https:\/\/inglis.ca\/fr\/product\/inglis-7-4-cu-ft-front-load-electric-dryer-with-intuitive-touch-controls\/\" title=\"S\u00e9cheuse \u00e9lectrique Inglis avec commandes tactiles intuitives, 7,4 pi3\"><img loading=\"lazy\" class=\"vcex-blog-entry-img wpex-align-middle\" decoding=\"async\" src=\"https:\/\/inglis.ca\/wp-content\/uploads\/Inglis-Dryer-1-e1544476957412-251x382.png\" alt=\"inglis dryer model number #YIED5900HW\" width=\"251\" height=\"382\"><\/a><\/div><div class=\"vcex-post-type-entry-details entry-details wpex-bordered wpex-first-mt-0 wpex-last-mb-0 wpex-clr\"><div class=\"match-height-content\"><h3 class=\"vcex-post-type-entry-title entry-title wpex-mb-5\"><a href=\"https:\/\/inglis.ca\/fr\/product\/inglis-7-4-cu-ft-front-load-electric-dryer-with-intuitive-touch-controls\/\">S\u00e9cheuse \u00e9lectrique Inglis avec commandes tactiles intuitives, 7,4 pi3<\/a><\/h3 ><div class=\"vcex-post-type-entry-readmore-wrap entry-readmore-wrap wpex-my-15 wpex-clr\"><a href=\"https:\/\/inglis.ca\/fr\/product\/inglis-7-4-cu-ft-front-load-electric-dryer-with-intuitive-touch-controls\/\" class=\"entry-readmore theme-button\" aria-label=\"Pour en savoir plus about S\u00e9cheuse \u00e9lectrique Inglis avec commandes tactiles intuitives, 7,4 pi3\">Pour en savoir plus<\/a><\/div><\/div><\/div><\/div><\/div><\/div><\/div>[\/vc_column][\/vc_row]\n<\/div>","protected":false},"excerpt":{"rendered":"<p>[vc_row full_width=\u00a0\u00bbstretch_row\u00a0\u00bb content_placement=\u00a0\u00bbmiddle\u00a0\u00bb typography_style=\u00a0\u00bbwhite\u00a0\u00bb wpex_bg_overlay=\u00a0\u00bbcolor\u00a0\u00bb el_class=\u00a0\u00bbproducts center\u00a0\u00bb css=\u00a0\u00bb.vc_custom_1493750064142{padding-top: 60px !important;padding-bottom: 60px !important;background: #005696 url(https:\/\/inglis.ca\/wp-content\/uploads\/2017\/05\/stock-photo-beautiful-young-woman-is-holding-a-basin-with-laundry-looking-at-camera-and-smiling-while-standing-510916828.jpg?id=4971) !important;background-position: center !important;background-repeat: no-repeat !important;background-size: cover !important;}\u00a0\u00bb wpex_bg_overlay_color=\u00a0\u00bb#005696&Prime; wpex_bg_overlay_opacity=\u00a0\u00bb.9&Prime; el_id=\u00a0\u00bbhero\u00a0\u00bb][vc_column][vc_column_text responsive_text=\u00a0\u00bbtrue\u00a0\u00bb font_size=\u00a0\u00bb36px\u00a0\u00bb min_font_size=\u00a0\u00bb24px\u00a0\u00bb font_family=\u00a0\u00bbRoboto\u00a0\u00bb font_weight=\u00a0\u00bb400&Prime; css=\u00a0\u00bb.vc_custom_1494438574887{margin-bottom: 20px !important;}\u00a0\u00bb] Produits [\/vc_column_text][vc_column_text css=\u00a0\u00bb.vc_custom_1494438587880{margin-bottom: 20px !important;}\u00a0\u00bb width=\u00a0\u00bb50%\u00a0\u00bb] La qualit\u00e9 assur\u00e9e! [\/vc_column_text][vc_column_text width=\u00a0\u00bb60%\u00a0\u00bb]Les appareils \u00e9lectrom\u00e9nagers de Inglis\u00ae &#8211; Simples, qui fonctionnent bien et durent longtemps![\/vc_column_text][\/vc_column][\/vc_row][vc_row&hellip;<\/p>\n","protected":false},"author":1,"featured_media":0,"parent":0,"menu_order":0,"comment_status":"closed","ping_status":"closed","template":"","meta":{"footnotes":""},"class_list":["post-5113","page","type-page","status-publish","hentry","entry","has-media"],"yoast_head":"<!-- This site is optimized with the Yoast SEO plugin v27.1.1 - https:\/\/yoast.com\/product\/yoast-seo-wordpress\/ -->\n<title>Produits - Inglis Home Appliances<\/title>\n<meta name=\"robots\" content=\"index, follow, max-snippet:-1, max-image-preview:large, max-video-preview:-1\" \/>\n<link rel=\"canonical\" href=\"https:\/\/inglis.ca\/fr\/produits\/\" \/>\n<meta property=\"og:locale\" content=\"fr_FR\" \/>\n<meta property=\"og:type\" content=\"article\" \/>\n<meta property=\"og:title\" content=\"Produits - Inglis Home Appliances\" \/>\n<meta property=\"og:description\" content=\"[vc_row full_width=\u00a0\u00bbstretch_row\u00a0\u00bb content_placement=\u00a0\u00bbmiddle\u00a0\u00bb typography_style=\u00a0\u00bbwhite\u00a0\u00bb wpex_bg_overlay=\u00a0\u00bbcolor\u00a0\u00bb el_class=\u00a0\u00bbproducts center\u00a0\u00bb css=\u00a0\u00bb.vc_custom_1493750064142{padding-top: 60px !important;padding-bottom: 60px !important;background: #005696 url(https:\/\/inglis.ca\/wp-content\/uploads\/2017\/05\/stock-photo-beautiful-young-woman-is-holding-a-basin-with-laundry-looking-at-camera-and-smiling-while-standing-510916828.jpg?id=4971) !important;background-position: center !important;background-repeat: no-repeat !important;background-size: cover !important;}\u00a0\u00bb wpex_bg_overlay_color=\u00a0\u00bb#005696&Prime; wpex_bg_overlay_opacity=\u00a0\u00bb.9&Prime; el_id=\u00a0\u00bbhero\u00a0\u00bb][vc_column][vc_column_text responsive_text=\u00a0\u00bbtrue\u00a0\u00bb font_size=\u00a0\u00bb36px\u00a0\u00bb min_font_size=\u00a0\u00bb24px\u00a0\u00bb font_family=\u00a0\u00bbRoboto\u00a0\u00bb font_weight=\u00a0\u00bb400&Prime; css=\u00a0\u00bb.vc_custom_1494438574887{margin-bottom: 20px !important;}\u00a0\u00bb] Produits [\/vc_column_text][vc_column_text css=\u00a0\u00bb.vc_custom_1494438587880{margin-bottom: 20px !important;}\u00a0\u00bb width=\u00a0\u00bb50%\u00a0\u00bb] La qualit\u00e9 assur\u00e9e! [\/vc_column_text][vc_column_text width=\u00a0\u00bb60%\u00a0\u00bb]Les appareils \u00e9lectrom\u00e9nagers de Inglis\u00ae &#8211; Simples, qui fonctionnent bien et durent longtemps![\/vc_column_text][\/vc_column][\/vc_row][vc_row&hellip;\" \/>\n<meta property=\"og:url\" content=\"https:\/\/inglis.ca\/fr\/produits\/\" \/>\n<meta property=\"og:site_name\" content=\"Inglis Home Appliances\" \/>\n<meta property=\"article:modified_time\" content=\"2018-12-11T16:10:09+00:00\" \/>\n<meta name=\"twitter:card\" content=\"summary_large_image\" \/>\n<meta name=\"twitter:label1\" content=\"Est. reading time\" \/>\n\t<meta name=\"twitter:data1\" content=\"2 minutes\" \/>\n<script type=\"application\/ld+json\" class=\"yoast-schema-graph\">{\"@context\":\"https:\/\/schema.org\",\"@graph\":[{\"@type\":\"WebPage\",\"@id\":\"https:\/\/inglis.ca\/fr\/produits\/\",\"url\":\"https:\/\/inglis.ca\/fr\/produits\/\",\"name\":\"Produits - Inglis Home Appliances\",\"isPartOf\":{\"@id\":\"https:\/\/inglis.ca\/#website\"},\"datePublished\":\"2017-05-01T15:42:02+00:00\",\"dateModified\":\"2018-12-11T16:10:09+00:00\",\"breadcrumb\":{\"@id\":\"https:\/\/inglis.ca\/fr\/produits\/#breadcrumb\"},\"inLanguage\":\"fr-FR\",\"potentialAction\":[{\"@type\":\"ReadAction\",\"target\":[\"https:\/\/inglis.ca\/fr\/produits\/\"]}]},{\"@type\":\"BreadcrumbList\",\"@id\":\"https:\/\/inglis.ca\/fr\/produits\/#breadcrumb\",\"itemListElement\":[{\"@type\":\"ListItem\",\"position\":1,\"name\":\"Home\",\"item\":\"https:\/\/inglis.ca\/fr\/\"},{\"@type\":\"ListItem\",\"position\":2,\"name\":\"Produits\"}]},{\"@type\":\"WebSite\",\"@id\":\"https:\/\/inglis.ca\/#website\",\"url\":\"https:\/\/inglis.ca\/\",\"name\":\"Inglis Home Appliances\",\"description\":\"Quality you can trust\",\"publisher\":{\"@id\":\"https:\/\/inglis.ca\/#organization\"},\"potentialAction\":[{\"@type\":\"SearchAction\",\"target\":{\"@type\":\"EntryPoint\",\"urlTemplate\":\"https:\/\/inglis.ca\/?s={search_term_string}\"},\"query-input\":{\"@type\":\"PropertyValueSpecification\",\"valueRequired\":true,\"valueName\":\"search_term_string\"}}],\"inLanguage\":\"fr-FR\"},{\"@type\":\"Organization\",\"@id\":\"https:\/\/inglis.ca\/#organization\",\"name\":\"Inglis Home Appliances\",\"url\":\"https:\/\/inglis.ca\/\",\"logo\":{\"@type\":\"ImageObject\",\"inLanguage\":\"fr-FR\",\"@id\":\"https:\/\/inglis.ca\/#\/schema\/logo\/image\/\",\"url\":\"https:\/\/inglis.ca\/wp-content\/uploads\/2017\/05\/InglisLogo.png\",\"contentUrl\":\"https:\/\/inglis.ca\/wp-content\/uploads\/2017\/05\/InglisLogo.png\",\"width\":154,\"height\":61,\"caption\":\"Inglis Home Appliances\"},\"image\":{\"@id\":\"https:\/\/inglis.ca\/#\/schema\/logo\/image\/\"}}]}<\/script>\n<!-- \/ Yoast SEO plugin. -->","yoast_head_json":{"title":"Produits - Inglis Home Appliances","robots":{"index":"index","follow":"follow","max-snippet":"max-snippet:-1","max-image-preview":"max-image-preview:large","max-video-preview":"max-video-preview:-1"},"canonical":"https:\/\/inglis.ca\/fr\/produits\/","og_locale":"fr_FR","og_type":"article","og_title":"Produits - Inglis Home Appliances","og_description":"[vc_row full_width=\u00a0\u00bbstretch_row\u00a0\u00bb content_placement=\u00a0\u00bbmiddle\u00a0\u00bb typography_style=\u00a0\u00bbwhite\u00a0\u00bb wpex_bg_overlay=\u00a0\u00bbcolor\u00a0\u00bb el_class=\u00a0\u00bbproducts center\u00a0\u00bb css=\u00a0\u00bb.vc_custom_1493750064142{padding-top: 60px !important;padding-bottom: 60px !important;background: #005696 url(https:\/\/inglis.ca\/wp-content\/uploads\/2017\/05\/stock-photo-beautiful-young-woman-is-holding-a-basin-with-laundry-looking-at-camera-and-smiling-while-standing-510916828.jpg?id=4971) !important;background-position: center !important;background-repeat: no-repeat !important;background-size: cover !important;}\u00a0\u00bb wpex_bg_overlay_color=\u00a0\u00bb#005696&Prime; wpex_bg_overlay_opacity=\u00a0\u00bb.9&Prime; el_id=\u00a0\u00bbhero\u00a0\u00bb][vc_column][vc_column_text responsive_text=\u00a0\u00bbtrue\u00a0\u00bb font_size=\u00a0\u00bb36px\u00a0\u00bb min_font_size=\u00a0\u00bb24px\u00a0\u00bb font_family=\u00a0\u00bbRoboto\u00a0\u00bb font_weight=\u00a0\u00bb400&Prime; css=\u00a0\u00bb.vc_custom_1494438574887{margin-bottom: 20px !important;}\u00a0\u00bb] Produits [\/vc_column_text][vc_column_text css=\u00a0\u00bb.vc_custom_1494438587880{margin-bottom: 20px !important;}\u00a0\u00bb width=\u00a0\u00bb50%\u00a0\u00bb] La qualit\u00e9 assur\u00e9e! [\/vc_column_text][vc_column_text width=\u00a0\u00bb60%\u00a0\u00bb]Les appareils \u00e9lectrom\u00e9nagers de Inglis\u00ae &#8211; Simples, qui fonctionnent bien et durent longtemps![\/vc_column_text][\/vc_column][\/vc_row][vc_row&hellip;","og_url":"https:\/\/inglis.ca\/fr\/produits\/","og_site_name":"Inglis Home Appliances","article_modified_time":"2018-12-11T16:10:09+00:00","twitter_card":"summary_large_image","twitter_misc":{"Est. reading time":"2 minutes"},"schema":{"@context":"https:\/\/schema.org","@graph":[{"@type":"WebPage","@id":"https:\/\/inglis.ca\/fr\/produits\/","url":"https:\/\/inglis.ca\/fr\/produits\/","name":"Produits - Inglis Home Appliances","isPartOf":{"@id":"https:\/\/inglis.ca\/#website"},"datePublished":"2017-05-01T15:42:02+00:00","dateModified":"2018-12-11T16:10:09+00:00","breadcrumb":{"@id":"https:\/\/inglis.ca\/fr\/produits\/#breadcrumb"},"inLanguage":"fr-FR","potentialAction":[{"@type":"ReadAction","target":["https:\/\/inglis.ca\/fr\/produits\/"]}]},{"@type":"BreadcrumbList","@id":"https:\/\/inglis.ca\/fr\/produits\/#breadcrumb","itemListElement":[{"@type":"ListItem","position":1,"name":"Home","item":"https:\/\/inglis.ca\/fr\/"},{"@type":"ListItem","position":2,"name":"Produits"}]},{"@type":"WebSite","@id":"https:\/\/inglis.ca\/#website","url":"https:\/\/inglis.ca\/","name":"Inglis Home Appliances","description":"Quality you can trust","publisher":{"@id":"https:\/\/inglis.ca\/#organization"},"potentialAction":[{"@type":"SearchAction","target":{"@type":"EntryPoint","urlTemplate":"https:\/\/inglis.ca\/?s={search_term_string}"},"query-input":{"@type":"PropertyValueSpecification","valueRequired":true,"valueName":"search_term_string"}}],"inLanguage":"fr-FR"},{"@type":"Organization","@id":"https:\/\/inglis.ca\/#organization","name":"Inglis Home Appliances","url":"https:\/\/inglis.ca\/","logo":{"@type":"ImageObject","inLanguage":"fr-FR","@id":"https:\/\/inglis.ca\/#\/schema\/logo\/image\/","url":"https:\/\/inglis.ca\/wp-content\/uploads\/2017\/05\/InglisLogo.png","contentUrl":"https:\/\/inglis.ca\/wp-content\/uploads\/2017\/05\/InglisLogo.png","width":154,"height":61,"caption":"Inglis Home Appliances"},"image":{"@id":"https:\/\/inglis.ca\/#\/schema\/logo\/image\/"}}]}},"_links":{"self":[{"href":"https:\/\/inglis.ca\/fr\/wp-json\/wp\/v2\/pages\/5113","targetHints":{"allow":["GET"]}}],"collection":[{"href":"https:\/\/inglis.ca\/fr\/wp-json\/wp\/v2\/pages"}],"about":[{"href":"https:\/\/inglis.ca\/fr\/wp-json\/wp\/v2\/types\/page"}],"author":[{"embeddable":true,"href":"https:\/\/inglis.ca\/fr\/wp-json\/wp\/v2\/users\/1"}],"replies":[{"embeddable":true,"href":"https:\/\/inglis.ca\/fr\/wp-json\/wp\/v2\/comments?post=5113"}],"version-history":[{"count":11,"href":"https:\/\/inglis.ca\/fr\/wp-json\/wp\/v2\/pages\/5113\/revisions"}],"predecessor-version":[{"id":5819,"href":"https:\/\/inglis.ca\/fr\/wp-json\/wp\/v2\/pages\/5113\/revisions\/5819"}],"wp:attachment":[{"href":"https:\/\/inglis.ca\/fr\/wp-json\/wp\/v2\/media?parent=5113"}],"curies":[{"name":"wp","href":"https:\/\/api.w.org\/{rel}","templated":true}]}}