{"id":5111,"date":"2017-05-01T15:42:33","date_gmt":"2017-05-01T15:42:33","guid":{"rendered":"http:\/\/70.32.76.21\/~cginglis\/about-us\/"},"modified":"2017-05-09T20:44:00","modified_gmt":"2017-05-09T20:44:00","slug":"a-propos-de-nous","status":"publish","type":"page","link":"https:\/\/inglis.ca\/fr\/a-propos-de-nous\/","title":{"rendered":"\u00c0 propos de nous"},"content":{"rendered":"<div class=\"wpb-content-wrapper\">[vc_row full_width=\u00a0\u00bbstretch_row\u00a0\u00bb content_placement=\u00a0\u00bbmiddle\u00a0\u00bb typography_style=\u00a0\u00bbwhite\u00a0\u00bb wpex_bg_overlay=\u00a0\u00bbcolor\u00a0\u00bb el_class=\u00a0\u00bbabout-inglis center\u00a0\u00bb css=\u00a0\u00bb.vc_custom_1493838544747{padding-top: 60px !important;padding-bottom: 60px !important;background: #005696 url(https:\/\/inglis.ca\/wp-content\/uploads\/2013\/11\/stock-photo-cropped-image-of-beautiful-young-woman-is-smiling-while-doing-laundry-at-home-510916726.jpg?id=4976) !important;background-position: center !important;background-repeat: no-repeat !important;background-size: cover !important;}\u00a0\u00bb wpex_bg_overlay_color=\u00a0\u00bb#005696&Prime; wpex_bg_overlay_opacity=\u00a0\u00bb.9&Prime; el_id=\u00a0\u00bbhero\u00a0\u00bb][vc_column]<style>.vcex-icon.vcex_69fe0fe596322{font-size:64px;}.vcex-icon.vcex_69fe0fe596322 .vcex-icon-wrap{width:120px;height:120px;}<\/style><div class=\"vcex-icon vcex-module vcex-icon-xlarge wpex-float-none wpex-m-auto wpex-text-center vcex_69fe0fe596322\"><div class=\"vcex-icon-wrap wpex-inline-flex wpex-items-center wpex-justify-center wpex-leading-none\"><span aria-hidden=\"true\" class=\"entypo-icon entypo-icon-book-open\"><\/span><\/div><\/div>[vc_column_text responsive_text=\u00a0\u00bbtrue\u00a0\u00bb font_size=\u00a0\u00bb36px\u00a0\u00bb min_font_size=\u00a0\u00bb24px\u00a0\u00bb font_family=\u00a0\u00bbRoboto\u00a0\u00bb font_weight=\u00a0\u00bb400&Prime; css=\u00a0\u00bb.vc_custom_1494360977427{margin-bottom: 30px !important;}\u00a0\u00bb]\n<h1>\u00c0 propos de nous<\/h1>\n[\/vc_column_text]<style>.vcex-divider-multicolor.vcex_69fe0fe596ac3{max-width:30%;}.vcex-divider-multicolor.vcex_69fe0fe596ac3 .vcex-divider-multicolor__item{height:2px;}<\/style><div class=\"vcex-divider-multicolor vcex-module wpex-flex wpex-w-100 wpex-m-auto vcex_69fe0fe596ac3\"><span class=\"vcex-divider-multicolor__item wpex-flex-grow\" style=\"background:#ffffff;\"><\/span><span class=\"vcex-divider-multicolor__item wpex-flex-grow\" style=\"background:#e1effa;\"><\/span><span class=\"vcex-divider-multicolor__item wpex-flex-grow\" style=\"background:#f0cd24;\"><\/span><\/div>[vc_column_text css=\u00a0\u00bb.vc_custom_1494362482621{margin-bottom: 20px !important;}\u00a0\u00bb width=\u00a0\u00bb50%\u00a0\u00bb]\n<h2>Au service des Canadiens, depuis 150 ans!<\/h2>\n[\/vc_column_text][vc_column_text width=\u00a0\u00bb60%\u00a0\u00bb]Il y a 150 ans, John Inglis et ses fils ont lanc\u00e9 une petite entreprise \u00e0 Guelph (Ontario) au Canada. Ils ont \u00e9tabli une entreprise fond\u00e9e sur des principes honn\u00eates de fournir aux consommateurs des produits de qualit\u00e9 durables et qui sont innovateurs et pratiques. Aujourd\u2019hui, Appareils \u00e9lectrom\u00e9nagers Inglis\u00ae conserve toujours ces valeurs familiales traditionnelles au sein de l\u2019industrie des appareils \u00e9lectrom\u00e9nagers et demeure plus engag\u00e9e que jamais \u00e0 offrir des appareils \u00e9lectrom\u00e9nagers pour la buanderie et la cuisine simples, qui fonctionnent bien et durent longtemps. Et, gr\u00e2ce \u00e0 cette r\u00e9putation \u00e9prouv\u00e9e en tant que fabricant de produits innovateurs de qualit\u00e9, les consommateurs se fient \u00e0 la marque Inglis depuis 150 ans, et continueront de le faire dans les ann\u00e9es \u00e0 venir.[\/vc_column_text][\/vc_column][\/vc_row][vc_row css=\u00a0\u00bb.vc_custom_1493748966486{padding-top: 40px !important;padding-bottom: 40px !important;}\u00a0\u00bb][vc_column][vc_column_text css=\u00a0\u00bb.vc_custom_1494362503498{margin-top: 0px !important;margin-bottom: 0px !important;padding-top: 0px !important;padding-bottom: 0px !important;}\u00a0\u00bb]\n<h2>Historique d\u2019Inglis<\/h2>\n[\/vc_column_text][vc_column_text css=\u00a0\u00bb.vc_custom_1494362522174{margin-bottom: 40px !important;}\u00a0\u00bb]\n<h3>Comment un patronyme est devenu un nom de marque synonyme de qualit\u00e9 et de confiance.<\/h3>\n[\/vc_column_text][vc_column_text]Le nom Inglis a un riche pass\u00e9 au Canada. Tout commence en 1859. Apr\u00e8s avoir appris le travail des m\u00e9taux et le modelage en Angleterre et en \u00c9cosse, John Inglis \u00e9migre \u00e0 Guelph (Ontario) o\u00f9 il cr\u00e9e Mair, Inglis &amp; Evatt, une compagnie sp\u00e9cialis\u00e9e dans la fabrication de machines destin\u00e9es aux meuneries.<\/p>\n<p>En 1881, la compagnie John Inglis and Sons s\u2019installe avenue Strachan, \u00e0 Toronto. Mais en 1898, alors que sa compagnie conna\u00eet un essor fulgurant, John Inglis meurt. William, l\u2019un de ses cinq fils, lui succ\u00e8de. En 1902, William se lance dans la construction de moteurs \u00e0 vapeur et d\u2019appareils de pompage \u00e0 moteur pour bateaux, et abandonne la production de la gamme de produits existante.<\/p>\n<p>William Inglis meurt en 1935. En reconnaissance de son importante contribution au progr\u00e8s industriel et culturel de la ville, on donne son nom au tout nouveau traversier qui relie Toronto \u00e0 l\u2019\u00eele de Toronto.<\/p>\n<p>Deux ans plus tard, un Am\u00e9ricain du nom de Major J.E. Hahn rach\u00e8te la compagnie et transforme radicalement son fonctionnement. Sous la direction de Major Hahn, la compagnie participe \u00e0 l\u2019effort de la deuxi\u00e8me guerre mondiale en fabriquant des fusils pour l\u2019arm\u00e9e britannique et l\u2019arm\u00e9e canadienne. \u00c0 l\u2019\u00e9poque, la compagnie emploie plus de 17 800 personnes, et doit agrandir son usine de l\u2019avenue Strachan.<\/p>\n<p>\u00c0 la fin de la guerre, en 1946, la compagnie se lance pour la premi\u00e8re fois dans la production de produits de grande consommation : mat\u00e9riel de p\u00eache, autocaravanes, pompes de br\u00fbleur \u00e0 huile, appareils de chauffage, cuisini\u00e8res pour la maison, etc.[\/vc_column_text][vc_row_inner gap=\u00a0\u00bb20&Prime; css=\u00a0\u00bb.vc_custom_1494362636115{margin-top: 20px !important;}\u00a0\u00bb][vc_column_inner width=\u00a0\u00bb2\/3&Prime;][vc_column_text]Au cours de la m\u00eame ann\u00e9e, John Inglis Co. Limited n\u00e9gocie avec Nineteen Hundred Corporation (l\u2019anc\u00eatre de Whirlpool Corporation) la fabrication d\u2019appareils de buanderie m\u00e9nagers. Les premi\u00e8res essoreuses sortent des usines en 1946, suivies en 1950 des machines \u00e0 laver automatiques. La gamme d\u2019appareils m\u00e9nagers s\u2019enrichit rapidement de s\u00e9cheuses \u00e9lectriques et \u00e0 gaz, puis de lave-vaisselle.<\/p>\n<p>En 1966, Inglis est le premier fabricant d\u2019appareils de buanderie m\u00e9nagers au Canada. En 1967, la compagnie ouvre une usine de production de r\u00e9frig\u00e9rateurs \u00e0 Stoney Creek (Ontario) pr\u00e8s de Hamilton. En 1970, l\u2019usine se lance dans la production de d\u00e9shumidificateurs.<\/p>\n<p>En 1972, Inglis fabrique sa millioni\u00e8me laveuse automatique et commence \u00e0 fabriquer et \u00e0 vendre ses appareils \u00e9lectrom\u00e9nagers sous le nom commercial de Whirlpool. Un an plus tard, la compagnie prend un nouveau nom, Inglis Limited. Tout au long des ann\u00e9es 70, la compagnie poursuit sa croissance : mise en service d\u2019un nouvel entrep\u00f4t et d\u2019une installation de vente et de r\u00e9paration \u00e0 Laval (Qu\u00e9bec); agrandissement de l\u2019usine de laveuses automatiques \u00e0 Toronto; production de laveuses compactes.[\/vc_column_text][\/vc_column_inner][vc_column_inner width=\u00a0\u00bb1\/3&Prime;][vc_single_image image=\u00a0\u00bb4997&Prime; alignment=\u00a0\u00bbcenter\u00a0\u00bb style=\u00a0\u00bbvc_box_border\u00a0\u00bb][\/vc_column_inner][\/vc_row_inner][vc_column_text]Dans les ann\u00e9es 80 et 90, le secteur des appareils \u00e9lectrom\u00e9nagers \u00e9volue rapidement. Pour rester comp\u00e9titive, Inglis Limited doit proc\u00e9der \u00e0 des changements op\u00e9rationnels et augmenter sa gamme de produits. En 1981, la compagnie d\u00e9m\u00e9nage son si\u00e8ge social de Toronto \u00e0 Mississauga, Ontario. Un an plus tard, elle acquiert une partie de l\u2019actif de Canadian Admiral Corporation, Ltd., dont les usines de Mississauga et de Cambridge (Ontario), et Montmagny (Qu\u00e9bec), et commence \u00e0 produire et \u00e0 vendre des produits sous le nom de marque Admiral. La m\u00eame ann\u00e9e, Inglis entame la construction d\u2019un immense complexe de 100 000 pieds carr\u00e9s regroupant une usine de pi\u00e8ces, un centre de distribution et un b\u00e2timent administratif \u00e0 Mississauga.<\/p>\n<p>En 1987, Whirlpool Corporation augmente sa participation majoritaire dans Inglis Limited \u00e0 71,6 pour cent. Peu de temps apr\u00e8s, la compagnie lance de nouveaux produits sur le march\u00e9 parmi lesquels des fours \u00e0 micro-ondes, et une nouvelle gamme de lave-vaisselle et de r\u00e9frig\u00e9rateurs \u00e9conergiques.<\/p>\n<p>Inglis Limited prend officiellement le nom de Whirlpool Canada en 2001. Malgr\u00e9 cela, la compagnie s\u2019engage plus que jamais \u00e0 offrir ses appareils de marque Inglis\u00ae aux consommateurs pragmatiques qui recherchent une marque connue en laquelle ils peuvent avoir enti\u00e8re confiance. Nous sommes fiers de la r\u00e9putation exceptionnelle dont b\u00e9n\u00e9ficient aujourd\u2019hui les appareils \u00e9lectrom\u00e9nagers Inglis\u00ae et nous continuerons de commercialiser des produits robustes et performants pendant de nombreuses ann\u00e9es.[\/vc_column_text][\/vc_column][\/vc_row]\n<\/div>","protected":false},"excerpt":{"rendered":"<p>[vc_row full_width=\u00a0\u00bbstretch_row\u00a0\u00bb content_placement=\u00a0\u00bbmiddle\u00a0\u00bb typography_style=\u00a0\u00bbwhite\u00a0\u00bb wpex_bg_overlay=\u00a0\u00bbcolor\u00a0\u00bb el_class=\u00a0\u00bbabout-inglis center\u00a0\u00bb css=\u00a0\u00bb.vc_custom_1493838544747{padding-top: 60px !important;padding-bottom: 60px !important;background: #005696 url(https:\/\/inglis.ca\/wp-content\/uploads\/2013\/11\/stock-photo-cropped-image-of-beautiful-young-woman-is-smiling-while-doing-laundry-at-home-510916726.jpg?id=4976) !important;background-position: center !important;background-repeat: no-repeat !important;background-size: cover !important;}\u00a0\u00bb wpex_bg_overlay_color=\u00a0\u00bb#005696&Prime; wpex_bg_overlay_opacity=\u00a0\u00bb.9&Prime; el_id=\u00a0\u00bbhero\u00a0\u00bb][vc_column][vc_column_text responsive_text=\u00a0\u00bbtrue\u00a0\u00bb font_size=\u00a0\u00bb36px\u00a0\u00bb min_font_size=\u00a0\u00bb24px\u00a0\u00bb font_family=\u00a0\u00bbRoboto\u00a0\u00bb font_weight=\u00a0\u00bb400&Prime; css=\u00a0\u00bb.vc_custom_1494360977427{margin-bottom: 30px !important;}\u00a0\u00bb] \u00c0 propos de nous [\/vc_column_text][vc_column_text css=\u00a0\u00bb.vc_custom_1494362482621{margin-bottom: 20px !important;}\u00a0\u00bb width=\u00a0\u00bb50%\u00a0\u00bb] Au service des Canadiens, depuis 150 ans! [\/vc_column_text][vc_column_text width=\u00a0\u00bb60%\u00a0\u00bb]Il y a 150 ans, John&hellip;<\/p>\n","protected":false},"author":1,"featured_media":0,"parent":0,"menu_order":0,"comment_status":"closed","ping_status":"closed","template":"","meta":{"footnotes":""},"class_list":["post-5111","page","type-page","status-publish","hentry","entry","no-media"],"yoast_head":"<!-- This site is optimized with the Yoast SEO plugin v27.5 - https:\/\/yoast.com\/product\/yoast-seo-wordpress\/ -->\n<title>\u00c0 propos de nous - Inglis Home Appliances<\/title>\n<meta name=\"robots\" content=\"index, follow, max-snippet:-1, max-image-preview:large, max-video-preview:-1\" \/>\n<link rel=\"canonical\" href=\"https:\/\/inglis.ca\/fr\/a-propos-de-nous\/\" \/>\n<meta property=\"og:locale\" content=\"fr_FR\" \/>\n<meta property=\"og:type\" content=\"article\" \/>\n<meta property=\"og:title\" content=\"\u00c0 propos de nous - Inglis Home Appliances\" \/>\n<meta property=\"og:description\" content=\"[vc_row full_width=\u00a0\u00bbstretch_row\u00a0\u00bb content_placement=\u00a0\u00bbmiddle\u00a0\u00bb typography_style=\u00a0\u00bbwhite\u00a0\u00bb wpex_bg_overlay=\u00a0\u00bbcolor\u00a0\u00bb el_class=\u00a0\u00bbabout-inglis center\u00a0\u00bb css=\u00a0\u00bb.vc_custom_1493838544747{padding-top: 60px !important;padding-bottom: 60px !important;background: #005696 url(https:\/\/inglis.ca\/wp-content\/uploads\/2013\/11\/stock-photo-cropped-image-of-beautiful-young-woman-is-smiling-while-doing-laundry-at-home-510916726.jpg?id=4976) !important;background-position: center !important;background-repeat: no-repeat !important;background-size: cover !important;}\u00a0\u00bb wpex_bg_overlay_color=\u00a0\u00bb#005696&Prime; wpex_bg_overlay_opacity=\u00a0\u00bb.9&Prime; el_id=\u00a0\u00bbhero\u00a0\u00bb][vc_column][vc_column_text responsive_text=\u00a0\u00bbtrue\u00a0\u00bb font_size=\u00a0\u00bb36px\u00a0\u00bb min_font_size=\u00a0\u00bb24px\u00a0\u00bb font_family=\u00a0\u00bbRoboto\u00a0\u00bb font_weight=\u00a0\u00bb400&Prime; css=\u00a0\u00bb.vc_custom_1494360977427{margin-bottom: 30px !important;}\u00a0\u00bb] \u00c0 propos de nous [\/vc_column_text][vc_column_text css=\u00a0\u00bb.vc_custom_1494362482621{margin-bottom: 20px !important;}\u00a0\u00bb width=\u00a0\u00bb50%\u00a0\u00bb] Au service des Canadiens, depuis 150 ans! [\/vc_column_text][vc_column_text width=\u00a0\u00bb60%\u00a0\u00bb]Il y a 150 ans, John&hellip;\" \/>\n<meta property=\"og:url\" content=\"https:\/\/inglis.ca\/fr\/a-propos-de-nous\/\" \/>\n<meta property=\"og:site_name\" content=\"Inglis Home Appliances\" \/>\n<meta property=\"article:modified_time\" content=\"2017-05-09T20:44:00+00:00\" \/>\n<meta name=\"twitter:card\" content=\"summary_large_image\" \/>\n<meta name=\"twitter:label1\" content=\"Est. reading time\" \/>\n\t<meta name=\"twitter:data1\" content=\"6 minutes\" \/>\n<script type=\"application\/ld+json\" class=\"yoast-schema-graph\">{\"@context\":\"https:\\\/\\\/schema.org\",\"@graph\":[{\"@type\":\"WebPage\",\"@id\":\"https:\\\/\\\/inglis.ca\\\/fr\\\/a-propos-de-nous\\\/\",\"url\":\"https:\\\/\\\/inglis.ca\\\/fr\\\/a-propos-de-nous\\\/\",\"name\":\"\u00c0 propos de nous - Inglis Home Appliances\",\"isPartOf\":{\"@id\":\"https:\\\/\\\/inglis.ca\\\/#website\"},\"datePublished\":\"2017-05-01T15:42:33+00:00\",\"dateModified\":\"2017-05-09T20:44:00+00:00\",\"breadcrumb\":{\"@id\":\"https:\\\/\\\/inglis.ca\\\/fr\\\/a-propos-de-nous\\\/#breadcrumb\"},\"inLanguage\":\"fr-FR\",\"potentialAction\":[{\"@type\":\"ReadAction\",\"target\":[\"https:\\\/\\\/inglis.ca\\\/fr\\\/a-propos-de-nous\\\/\"]}]},{\"@type\":\"BreadcrumbList\",\"@id\":\"https:\\\/\\\/inglis.ca\\\/fr\\\/a-propos-de-nous\\\/#breadcrumb\",\"itemListElement\":[{\"@type\":\"ListItem\",\"position\":1,\"name\":\"Home\",\"item\":\"https:\\\/\\\/inglis.ca\\\/fr\\\/\"},{\"@type\":\"ListItem\",\"position\":2,\"name\":\"\u00c0 propos de nous\"}]},{\"@type\":\"WebSite\",\"@id\":\"https:\\\/\\\/inglis.ca\\\/#website\",\"url\":\"https:\\\/\\\/inglis.ca\\\/\",\"name\":\"Inglis Home Appliances\",\"description\":\"Quality you can trust\",\"publisher\":{\"@id\":\"https:\\\/\\\/inglis.ca\\\/#organization\"},\"potentialAction\":[{\"@type\":\"SearchAction\",\"target\":{\"@type\":\"EntryPoint\",\"urlTemplate\":\"https:\\\/\\\/inglis.ca\\\/?s={search_term_string}\"},\"query-input\":{\"@type\":\"PropertyValueSpecification\",\"valueRequired\":true,\"valueName\":\"search_term_string\"}}],\"inLanguage\":\"fr-FR\"},{\"@type\":\"Organization\",\"@id\":\"https:\\\/\\\/inglis.ca\\\/#organization\",\"name\":\"Inglis Home Appliances\",\"url\":\"https:\\\/\\\/inglis.ca\\\/\",\"logo\":{\"@type\":\"ImageObject\",\"inLanguage\":\"fr-FR\",\"@id\":\"https:\\\/\\\/inglis.ca\\\/#\\\/schema\\\/logo\\\/image\\\/\",\"url\":\"https:\\\/\\\/inglis.ca\\\/wp-content\\\/uploads\\\/2017\\\/05\\\/InglisLogo.png\",\"contentUrl\":\"https:\\\/\\\/inglis.ca\\\/wp-content\\\/uploads\\\/2017\\\/05\\\/InglisLogo.png\",\"width\":154,\"height\":61,\"caption\":\"Inglis Home Appliances\"},\"image\":{\"@id\":\"https:\\\/\\\/inglis.ca\\\/#\\\/schema\\\/logo\\\/image\\\/\"}}]}<\/script>\n<!-- \/ Yoast SEO plugin. -->","yoast_head_json":{"title":"\u00c0 propos de nous - Inglis Home Appliances","robots":{"index":"index","follow":"follow","max-snippet":"max-snippet:-1","max-image-preview":"max-image-preview:large","max-video-preview":"max-video-preview:-1"},"canonical":"https:\/\/inglis.ca\/fr\/a-propos-de-nous\/","og_locale":"fr_FR","og_type":"article","og_title":"\u00c0 propos de nous - Inglis Home Appliances","og_description":"[vc_row full_width=\u00a0\u00bbstretch_row\u00a0\u00bb content_placement=\u00a0\u00bbmiddle\u00a0\u00bb typography_style=\u00a0\u00bbwhite\u00a0\u00bb wpex_bg_overlay=\u00a0\u00bbcolor\u00a0\u00bb el_class=\u00a0\u00bbabout-inglis center\u00a0\u00bb css=\u00a0\u00bb.vc_custom_1493838544747{padding-top: 60px !important;padding-bottom: 60px !important;background: #005696 url(https:\/\/inglis.ca\/wp-content\/uploads\/2013\/11\/stock-photo-cropped-image-of-beautiful-young-woman-is-smiling-while-doing-laundry-at-home-510916726.jpg?id=4976) !important;background-position: center !important;background-repeat: no-repeat !important;background-size: cover !important;}\u00a0\u00bb wpex_bg_overlay_color=\u00a0\u00bb#005696&Prime; wpex_bg_overlay_opacity=\u00a0\u00bb.9&Prime; el_id=\u00a0\u00bbhero\u00a0\u00bb][vc_column][vc_column_text responsive_text=\u00a0\u00bbtrue\u00a0\u00bb font_size=\u00a0\u00bb36px\u00a0\u00bb min_font_size=\u00a0\u00bb24px\u00a0\u00bb font_family=\u00a0\u00bbRoboto\u00a0\u00bb font_weight=\u00a0\u00bb400&Prime; css=\u00a0\u00bb.vc_custom_1494360977427{margin-bottom: 30px !important;}\u00a0\u00bb] \u00c0 propos de nous [\/vc_column_text][vc_column_text css=\u00a0\u00bb.vc_custom_1494362482621{margin-bottom: 20px !important;}\u00a0\u00bb width=\u00a0\u00bb50%\u00a0\u00bb] Au service des Canadiens, depuis 150 ans! [\/vc_column_text][vc_column_text width=\u00a0\u00bb60%\u00a0\u00bb]Il y a 150 ans, John&hellip;","og_url":"https:\/\/inglis.ca\/fr\/a-propos-de-nous\/","og_site_name":"Inglis Home Appliances","article_modified_time":"2017-05-09T20:44:00+00:00","twitter_card":"summary_large_image","twitter_misc":{"Est. reading time":"6 minutes"},"schema":{"@context":"https:\/\/schema.org","@graph":[{"@type":"WebPage","@id":"https:\/\/inglis.ca\/fr\/a-propos-de-nous\/","url":"https:\/\/inglis.ca\/fr\/a-propos-de-nous\/","name":"\u00c0 propos de nous - Inglis Home Appliances","isPartOf":{"@id":"https:\/\/inglis.ca\/#website"},"datePublished":"2017-05-01T15:42:33+00:00","dateModified":"2017-05-09T20:44:00+00:00","breadcrumb":{"@id":"https:\/\/inglis.ca\/fr\/a-propos-de-nous\/#breadcrumb"},"inLanguage":"fr-FR","potentialAction":[{"@type":"ReadAction","target":["https:\/\/inglis.ca\/fr\/a-propos-de-nous\/"]}]},{"@type":"BreadcrumbList","@id":"https:\/\/inglis.ca\/fr\/a-propos-de-nous\/#breadcrumb","itemListElement":[{"@type":"ListItem","position":1,"name":"Home","item":"https:\/\/inglis.ca\/fr\/"},{"@type":"ListItem","position":2,"name":"\u00c0 propos de nous"}]},{"@type":"WebSite","@id":"https:\/\/inglis.ca\/#website","url":"https:\/\/inglis.ca\/","name":"Inglis Home Appliances","description":"Quality you can trust","publisher":{"@id":"https:\/\/inglis.ca\/#organization"},"potentialAction":[{"@type":"SearchAction","target":{"@type":"EntryPoint","urlTemplate":"https:\/\/inglis.ca\/?s={search_term_string}"},"query-input":{"@type":"PropertyValueSpecification","valueRequired":true,"valueName":"search_term_string"}}],"inLanguage":"fr-FR"},{"@type":"Organization","@id":"https:\/\/inglis.ca\/#organization","name":"Inglis Home Appliances","url":"https:\/\/inglis.ca\/","logo":{"@type":"ImageObject","inLanguage":"fr-FR","@id":"https:\/\/inglis.ca\/#\/schema\/logo\/image\/","url":"https:\/\/inglis.ca\/wp-content\/uploads\/2017\/05\/InglisLogo.png","contentUrl":"https:\/\/inglis.ca\/wp-content\/uploads\/2017\/05\/InglisLogo.png","width":154,"height":61,"caption":"Inglis Home Appliances"},"image":{"@id":"https:\/\/inglis.ca\/#\/schema\/logo\/image\/"}}]}},"_links":{"self":[{"href":"https:\/\/inglis.ca\/fr\/wp-json\/wp\/v2\/pages\/5111","targetHints":{"allow":["GET"]}}],"collection":[{"href":"https:\/\/inglis.ca\/fr\/wp-json\/wp\/v2\/pages"}],"about":[{"href":"https:\/\/inglis.ca\/fr\/wp-json\/wp\/v2\/types\/page"}],"author":[{"embeddable":true,"href":"https:\/\/inglis.ca\/fr\/wp-json\/wp\/v2\/users\/1"}],"replies":[{"embeddable":true,"href":"https:\/\/inglis.ca\/fr\/wp-json\/wp\/v2\/comments?post=5111"}],"version-history":[{"count":5,"href":"https:\/\/inglis.ca\/fr\/wp-json\/wp\/v2\/pages\/5111\/revisions"}],"predecessor-version":[{"id":5408,"href":"https:\/\/inglis.ca\/fr\/wp-json\/wp\/v2\/pages\/5111\/revisions\/5408"}],"wp:attachment":[{"href":"https:\/\/inglis.ca\/fr\/wp-json\/wp\/v2\/media?parent=5111"}],"curies":[{"name":"wp","href":"https:\/\/api.w.org\/{rel}","templated":true}]}}